{"id":38,"date":"2018-10-21T22:31:41","date_gmt":"2018-10-21T22:31:41","guid":{"rendered":"https:\/\/www.factoriadeotrosmundos.com\/?page_id=38"},"modified":"2023-05-28T22:53:26","modified_gmt":"2023-05-28T22:53:26","slug":"factoria-de-otros-mundos","status":"publish","type":"page","link":"https:\/\/www.factoriadeotrosmundos.com\/index.php\/factoria-de-otros-mundos\/","title":{"rendered":"Factor\u00eda de otros mundos"},"content":{"rendered":"\n<p>Tenemos una tienda en el planeta Tierra en Calle Mar\u00eda de Guzm\u00e1n 56 &#8211; Metro Nuevos Ministerios &#8211; Madrid &#8211; Espa\u00f1a.<\/p>\n\n\n\n<p> En Factor\u00eda de Otros Mundos, FOM, podr\u00e1s conseguir varitas m\u00e1gicas aut\u00e9nticas, polvo de hadas, mandr\u00e1goras, huevos de drag\u00f3n, libros, y un sinf\u00edn de regalos originales y \u00fanicos.\u00a0<\/p>\n\n\n\n<p>Hace a\u00f1os un hechizo provoc\u00f3 que todos los beneficios vayan a <a href=\"https:\/\/www.letrimagia.com \">Letrimagia<\/a> subvencionando sus actividades creativas para formar a aprendices de autores y artistas en habilidades m\u00e1gicas de escritura, ilustraci\u00f3n y creatividad. <\/p>\n\n\n<div class=\"wp-block-image\">\n<figure class=\"alignright\"><img loading=\"lazy\" decoding=\"async\" width=\"225\" height=\"300\" src=\"https:\/\/www.factoriadeotrosmundos.com\/wp-content\/uploads\/2020\/02\/596A1A95-D8CB-44A6-8C53-56C2D058ED88-e1583005977872-225x300.jpeg\" alt=\"Factoria de otros mundos - Giratiempos\" class=\"wp-image-431\"\/><\/figure><\/div>\n\n\n<p>\n\nYa seas un vampiro, bruja, monstruo, hada, elfo, alien\u00edgena, unicornio, o cualquier otra otro ser o criatura, tenemos todo lo que necesitas.\n\n<\/p>\n\n\n\n<p>\n\nEsta es una tienda tan real como virtual. Con art\u00edculos tra\u00eddos desde muuuy lejos, que se materializar\u00e1n en tu casa por arte de magia. Pero tranquilos, los env\u00edos se hacen con mensajeros humanos por lo que no levantar\u00e1n ninguna sospecha. \n\n<\/p>\n\n\n\n<p> Tambi\u00e9n podr\u00e9is recoger vuestros pedidos en @Letrimagia, en Calle Mar\u00eda de Guzm\u00e1n 56. Contacta con nosotros previamente en el 684.001.532 o en info@factoriadeotrosmundos.com . <\/p>\n\n\n<ul>\n<li>Se vende a humanos, bajo su responsabilidad.<\/li>\n<li>Damos de comer a nuestros empleados con frecuencia, pod\u00e9is contactar con ellos con seguridad.<\/li>\n<li>No aceptamos jud\u00edas (m\u00e1gicas o no) como medio de pago.<\/li>\n<li>Se ruega a los trolls que no se coman la tienda.<\/li>\n<li>Harry Potter es uno de nuestros mejores clientes desde que entr\u00f3 en Hogwarts.<\/li>\n<li>En @Letrimagia, hacemos talleres de creatividad con ni\u00f1os y familias. Son planes perfectos con ni\u00f1os. Se ruega que los no-humanos vengan ya merendados.<\/li>\n<li>Los env\u00edos con mensajeros humanos, pueden ser lentos, incluso si les a\u00f1adimos polvos m\u00e1gicos.<\/li>\n<li>Nos materializamos con frecuencia en ferias, mercadillos y tiendas humanas. Consulta nuestro calendario si te atreves a conocernos ciertamente.<\/li>\n<\/ul>","protected":false},"excerpt":{"rendered":"<p>Tenemos una tienda en el planeta Tierra en Calle Mar\u00eda de Guzm\u00e1n 56 &#8211; Metro Nuevos Ministerios &#8211; Madrid &#8211; Espa\u00f1a. En Factor\u00eda de Otros Mundos, FOM, podr\u00e1s conseguir varitas m\u00e1gicas aut\u00e9nticas, polvo de hadas, mandr\u00e1goras, huevos de drag\u00f3n, libros, y un sinf\u00edn de regalos originales y \u00fanicos.\u00a0 Hace a\u00f1os&hellip; <\/p>\n","protected":false},"author":3,"featured_media":0,"parent":0,"menu_order":0,"comment_status":"closed","ping_status":"closed","template":"","meta":{"footnotes":""},"class_list":["post-38","page","type-page","status-publish","hentry"],"_links":{"self":[{"href":"https:\/\/www.factoriadeotrosmundos.com\/index.php\/wp-json\/wp\/v2\/pages\/38","targetHints":{"allow":["GET"]}}],"collection":[{"href":"https:\/\/www.factoriadeotrosmundos.com\/index.php\/wp-json\/wp\/v2\/pages"}],"about":[{"href":"https:\/\/www.factoriadeotrosmundos.com\/index.php\/wp-json\/wp\/v2\/types\/page"}],"author":[{"embeddable":true,"href":"https:\/\/www.factoriadeotrosmundos.com\/index.php\/wp-json\/wp\/v2\/users\/3"}],"replies":[{"embeddable":true,"href":"https:\/\/www.factoriadeotrosmundos.com\/index.php\/wp-json\/wp\/v2\/comments?post=38"}],"version-history":[{"count":5,"href":"https:\/\/www.factoriadeotrosmundos.com\/index.php\/wp-json\/wp\/v2\/pages\/38\/revisions"}],"predecessor-version":[{"id":877,"href":"https:\/\/www.factoriadeotrosmundos.com\/index.php\/wp-json\/wp\/v2\/pages\/38\/revisions\/877"}],"wp:attachment":[{"href":"https:\/\/www.factoriadeotrosmundos.com\/index.php\/wp-json\/wp\/v2\/media?parent=38"}],"curies":[{"name":"wp","href":"https:\/\/api.w.org\/{rel}","templated":true}]}}