{"id":1051,"date":"2023-12-20T16:42:44","date_gmt":"2023-12-20T16:42:44","guid":{"rendered":"https:\/\/www.factoriadeotrosmundos.com\/?post_type=product&#038;p=1051"},"modified":"2023-12-22T16:47:48","modified_gmt":"2023-12-22T16:47:48","slug":"pack-arte-2-365-dias-dibujos","status":"publish","type":"product","link":"https:\/\/www.factoriadeotrosmundos.com\/index.php\/product\/pack-arte-2-365-dias-dibujos\/","title":{"rendered":"Pack Arte 2. 365 d\u00edas de dibujos"},"content":{"rendered":"<p><span style=\"font-weight: 400\">\u00a1Despierta tu creatividad con nuestro Pack de Arte 365 d\u00edas de dibujos! ?<\/span><\/p>\n<p><span style=\"font-weight: 400\">Sum\u00e9rgete en un mundo de posibilidades creativas con nuestro pack dise\u00f1ado para desbloquear tu imaginaci\u00f3n y llevar tus habilidades art\u00edsticas al siguiente nivel, que incluye tres elementos esenciales para nutrir tu lado art\u00edstico:<\/span><\/p>\n<p><span style=\"font-weight: 400\">1\ufe0f\u20e3 Libro &#8220;365 d\u00edas de dibujos&#8221;<\/span><\/p>\n<p>Todo el mundo puede dibujar. Ya sean expresivas figuras o bosquejos de una cara, cualquier tipo de dibujo supone una pausa en nuestras ajetreadas vidas. Con una gran variedad de ejercicios, Lorna Scobie te gu\u00eda a trav\u00e9s de t\u00e9cnicas que mejorar\u00e1n tus habilidades y te animar\u00e1n a ser creativo cada d\u00eda.<\/p>\n<p><span style=\"font-weight: 400\">2\ufe0f\u20e3 5 Pinceles Jovi surtidos<\/span><\/p>\n<p><span style=\"font-weight: 400\">Ya sea que prefieras trazos suaves o pinceladas audaces, estos pinceles se convertir\u00e1n en tus herramientas esenciales.<\/span><\/p>\n<p><span style=\"font-weight: 400\">3\ufe0f\u20e3 Pack de Acuarelas de 24 Colores Jovi<\/span><\/p>\n<p><span style=\"font-weight: 400\">Sum\u00e9rgete en la magia de los colores con nuestro vibrante pack de acuarelas que incluye una paleta de 24 colores.\u00a0<\/span><\/p>\n<p>Todo ello en una caja ideal para regalo.<\/p>\n<p><span style=\"font-weight: 400\">? \u00a1Haz de cada d\u00eda una obra de arte con nuestro Pack de Arte 365 d\u00edas de dibujos! ?<\/span><\/p>\n","protected":false},"excerpt":{"rendered":"<p><span style=\"font-weight: 400\">\u00a1Despierta tu creatividad con nuestro Pack de Arte 365 d\u00edas de dibujos! ?<\/span><\/p>\n<p><span style=\"font-weight: 400\">Sum\u00e9rgete en un mundo de posibilidades creativas con nuestro pack dise\u00f1ado para desbloquear tu imaginaci\u00f3n y llevar tus habilidades art\u00edsticas al siguiente nivel, que incluye tres elementos esenciales para nutrir tu lado art\u00edstico:<\/span><\/p>\n<p><span style=\"font-weight: 400\">1\ufe0f\u20e3 Libro &#8220;365 d\u00edas de dibujos&#8221;<\/span><\/p>\n<p>Todo el mundo puede dibujar. Ya sean expresivas figuras o bosquejos de una cara, cualquier tipo de dibujo supone una pausa en nuestras ajetreadas vidas. Con una gran variedad de ejercicios, Lorna Scobie te gu\u00eda a trav\u00e9s de t\u00e9cnicas que mejorar\u00e1n tus habilidades y te animar\u00e1n a ser creativo cada d\u00eda.<\/p>\n<p><span style=\"font-weight: 400\">2\ufe0f\u20e3 5 Pinceles Jovi surtidos<\/span><\/p>\n<p><span style=\"font-weight: 400\">Ya sea que prefieras trazos suaves o pinceladas audaces, estos pinceles se convertir\u00e1n en tus herramientas esenciales.<\/span><\/p>\n<p><span style=\"font-weight: 400\">3\ufe0f\u20e3 Pack de Acuarelas de 24 Colores Jovi<\/span><\/p>\n<p><span style=\"font-weight: 400\">Sum\u00e9rgete en la magia de los colores con nuestro vibrante pack de acuarelas que incluye una paleta de 24 colores.\u00a0<\/span><\/p>\n<p>Todo ello en una caja ideal para regalo.<\/p>\n<p><span style=\"font-weight: 400\">? \u00a1Haz de cada d\u00eda una obra de arte con nuestro Pack de Arte 365 d\u00edas de dibujos! ?<\/span><\/p>\n","protected":false},"featured_media":1052,"comment_status":"open","ping_status":"closed","template":"","meta":[],"product_brand":[],"product_cat":[178,30,153,16],"product_tag":[182,180,181,183,154,179,64],"class_list":{"0":"post-1051","1":"product","2":"type-product","3":"status-publish","4":"has-post-thumbnail","6":"product_cat-arte","7":"product_cat-educacion","8":"product_cat-libro","9":"product_cat-productos","10":"product_tag-acuarela","11":"product_tag-arte","12":"product_tag-creatividad","13":"product_tag-dibujo","14":"product_tag-libro","15":"product_tag-pinceles","16":"product_tag-regalo","18":"first","19":"instock","20":"sale","21":"taxable","22":"shipping-taxable","23":"purchasable","24":"product-type-simple"},"_links":{"self":[{"href":"https:\/\/www.factoriadeotrosmundos.com\/index.php\/wp-json\/wp\/v2\/product\/1051","targetHints":{"allow":["GET"]}}],"collection":[{"href":"https:\/\/www.factoriadeotrosmundos.com\/index.php\/wp-json\/wp\/v2\/product"}],"about":[{"href":"https:\/\/www.factoriadeotrosmundos.com\/index.php\/wp-json\/wp\/v2\/types\/product"}],"replies":[{"embeddable":true,"href":"https:\/\/www.factoriadeotrosmundos.com\/index.php\/wp-json\/wp\/v2\/comments?post=1051"}],"wp:featuredmedia":[{"embeddable":true,"href":"https:\/\/www.factoriadeotrosmundos.com\/index.php\/wp-json\/wp\/v2\/media\/1052"}],"wp:attachment":[{"href":"https:\/\/www.factoriadeotrosmundos.com\/index.php\/wp-json\/wp\/v2\/media?parent=1051"}],"wp:term":[{"taxonomy":"product_brand","embeddable":true,"href":"https:\/\/www.factoriadeotrosmundos.com\/index.php\/wp-json\/wp\/v2\/product_brand?post=1051"},{"taxonomy":"product_cat","embeddable":true,"href":"https:\/\/www.factoriadeotrosmundos.com\/index.php\/wp-json\/wp\/v2\/product_cat?post=1051"},{"taxonomy":"product_tag","embeddable":true,"href":"https:\/\/www.factoriadeotrosmundos.com\/index.php\/wp-json\/wp\/v2\/product_tag?post=1051"}],"curies":[{"name":"wp","href":"https:\/\/api.w.org\/{rel}","templated":true}]}}