{"id":1054,"date":"2023-12-21T10:34:22","date_gmt":"2023-12-21T10:34:22","guid":{"rendered":"https:\/\/www.factoriadeotrosmundos.com\/?post_type=product&#038;p=1054"},"modified":"2026-04-06T15:19:20","modified_gmt":"2026-04-06T15:19:20","slug":"pelucheleon","status":"publish","type":"product","link":"https:\/\/www.factoriadeotrosmundos.com\/index.php\/product\/pelucheleon\/","title":{"rendered":"Peluche Le\u00f3n"},"content":{"rendered":"<p>Peluche Le\u00f3n<\/p>\n<p><span style=\"font-weight: 400\">? \u00a1Emb\u00e1rcate en una Aventura M\u00e1gica con Nuestro Peluche de Le\u00f3n Inspirado en &#8220;El Mago de Oz&#8221;!\u00a0<\/span><\/p>\n<p><span style=\"font-weight: 400\">Descubre la magia de la valent\u00eda y la ternura con nuestro adorable peluche de le\u00f3n, una encantadora interpretaci\u00f3n del valiente le\u00f3n de &#8220;El Mago de Oz&#8221;. Este peluche es mucho m\u00e1s que un juguete; es un compa\u00f1ero leal que est\u00e1 listo para acompa\u00f1arte en todas tus aventuras.<\/span><\/p>\n","protected":false},"excerpt":{"rendered":"<p>Peluche Le\u00f3n<\/p>\n<p><span style=\"font-weight: 400\">? \u00a1Emb\u00e1rcate en una Aventura M\u00e1gica con Nuestro Peluche de Le\u00f3n Inspirado en &#8220;El Mago de Oz&#8221;!\u00a0<\/span><\/p>\n<p><span style=\"font-weight: 400\">Descubre la magia de la valent\u00eda y la ternura con nuestro adorable peluche de le\u00f3n, una encantadora interpretaci\u00f3n del valiente le\u00f3n de &#8220;El Mago de Oz&#8221;. Este peluche es mucho m\u00e1s que un juguete; es un compa\u00f1ero leal que est\u00e1 listo para acompa\u00f1arte en todas tus aventuras.<\/span><\/p>\n","protected":false},"featured_media":1083,"comment_status":"open","ping_status":"closed","template":"","meta":[],"product_brand":[],"product_cat":[135,30,27,136,16],"product_tag":[184,185,138],"class_list":{"0":"post-1054","1":"product","2":"type-product","3":"status-publish","4":"has-post-thumbnail","6":"product_cat-de-0-a-3-anos","7":"product_cat-educacion","8":"product_cat-fantasia-2","9":"product_cat-peluches","10":"product_cat-productos","11":"product_tag-leon","12":"product_tag-mago-de-oz","13":"product_tag-peluche","14":"product_shipping_class-dulce","16":"first","17":"instock","18":"taxable","19":"shipping-taxable","20":"purchasable","21":"product-type-simple"},"_links":{"self":[{"href":"https:\/\/www.factoriadeotrosmundos.com\/index.php\/wp-json\/wp\/v2\/product\/1054","targetHints":{"allow":["GET"]}}],"collection":[{"href":"https:\/\/www.factoriadeotrosmundos.com\/index.php\/wp-json\/wp\/v2\/product"}],"about":[{"href":"https:\/\/www.factoriadeotrosmundos.com\/index.php\/wp-json\/wp\/v2\/types\/product"}],"replies":[{"embeddable":true,"href":"https:\/\/www.factoriadeotrosmundos.com\/index.php\/wp-json\/wp\/v2\/comments?post=1054"}],"wp:featuredmedia":[{"embeddable":true,"href":"https:\/\/www.factoriadeotrosmundos.com\/index.php\/wp-json\/wp\/v2\/media\/1083"}],"wp:attachment":[{"href":"https:\/\/www.factoriadeotrosmundos.com\/index.php\/wp-json\/wp\/v2\/media?parent=1054"}],"wp:term":[{"taxonomy":"product_brand","embeddable":true,"href":"https:\/\/www.factoriadeotrosmundos.com\/index.php\/wp-json\/wp\/v2\/product_brand?post=1054"},{"taxonomy":"product_cat","embeddable":true,"href":"https:\/\/www.factoriadeotrosmundos.com\/index.php\/wp-json\/wp\/v2\/product_cat?post=1054"},{"taxonomy":"product_tag","embeddable":true,"href":"https:\/\/www.factoriadeotrosmundos.com\/index.php\/wp-json\/wp\/v2\/product_tag?post=1054"}],"curies":[{"name":"wp","href":"https:\/\/api.w.org\/{rel}","templated":true}]}}