{"id":1056,"date":"2023-12-21T12:10:27","date_gmt":"2023-12-21T12:10:27","guid":{"rendered":"https:\/\/www.factoriadeotrosmundos.com\/?post_type=product&#038;p=1056"},"modified":"2026-01-25T22:18:24","modified_gmt":"2026-01-25T22:18:24","slug":"sujetalibros-magic-house","status":"publish","type":"product","link":"https:\/\/www.factoriadeotrosmundos.com\/index.php\/product\/sujetalibros-magic-house\/","title":{"rendered":"Sujetalibros Magic House"},"content":{"rendered":"<p>Los personajes de tus libros favoritos querr\u00e1n cobrar vida para vivir en estos preciosos\u00a0<strong>sujetalibros de madera para montar uno mismo<\/strong>. Unas peque\u00f1as maquetas 3D llenas de preciosos detalles.<\/p>\n<p>Las piezas est\u00e1n precortadas, solo tendr\u00e1s que ir sac\u00e1ndolas de la plancha y ensamblarlas, necesitar\u00e1s pegamento para algunos puntos. <strong>Las maquetas cuentan con iluminaci\u00f3n<\/strong>. La luz funciona con 2 pilas AAA (no incluidas) y se enciende pulsando un bot\u00f3n t\u00e1ctil.<\/p>\n<p>&nbsp;<\/p>\n","protected":false},"excerpt":{"rendered":"<p>Los personajes de tus libros favoritos querr\u00e1n cobrar vida para vivir en estos preciosos\u00a0<strong>sujetalibros de madera para montar uno mismo<\/strong>. Unas peque\u00f1as maquetas 3D llenas de preciosos detalles.<\/p>\n<p>Las piezas est\u00e1n precortadas, solo tendr\u00e1s que ir sac\u00e1ndolas de la plancha y ensamblarlas, necesitar\u00e1s pegamento para algunos puntos. <strong>Las maquetas cuentan con iluminaci\u00f3n<\/strong>. La luz funciona con 2 pilas AAA (no incluidas) y se enciende pulsando un bot\u00f3n t\u00e1ctil.<\/p>\n","protected":false},"featured_media":1057,"comment_status":"open","ping_status":"closed","template":"","meta":[],"product_brand":[],"product_cat":[30,141,27,16],"product_tag":[177,175,174,176],"class_list":{"0":"post-1056","1":"product","2":"type-product","3":"status-publish","4":"has-post-thumbnail","6":"product_cat-educacion","7":"product_cat-libros","8":"product_cat-fantasia-2","9":"product_cat-productos","10":"product_tag-garden","11":"product_tag-librero","12":"product_tag-sujetalibros","13":"product_tag-timetravel","14":"product_shipping_class-dulce","16":"first","17":"instock","18":"taxable","19":"shipping-taxable","20":"purchasable","21":"product-type-simple"},"_links":{"self":[{"href":"https:\/\/www.factoriadeotrosmundos.com\/index.php\/wp-json\/wp\/v2\/product\/1056","targetHints":{"allow":["GET"]}}],"collection":[{"href":"https:\/\/www.factoriadeotrosmundos.com\/index.php\/wp-json\/wp\/v2\/product"}],"about":[{"href":"https:\/\/www.factoriadeotrosmundos.com\/index.php\/wp-json\/wp\/v2\/types\/product"}],"replies":[{"embeddable":true,"href":"https:\/\/www.factoriadeotrosmundos.com\/index.php\/wp-json\/wp\/v2\/comments?post=1056"}],"wp:featuredmedia":[{"embeddable":true,"href":"https:\/\/www.factoriadeotrosmundos.com\/index.php\/wp-json\/wp\/v2\/media\/1057"}],"wp:attachment":[{"href":"https:\/\/www.factoriadeotrosmundos.com\/index.php\/wp-json\/wp\/v2\/media?parent=1056"}],"wp:term":[{"taxonomy":"product_brand","embeddable":true,"href":"https:\/\/www.factoriadeotrosmundos.com\/index.php\/wp-json\/wp\/v2\/product_brand?post=1056"},{"taxonomy":"product_cat","embeddable":true,"href":"https:\/\/www.factoriadeotrosmundos.com\/index.php\/wp-json\/wp\/v2\/product_cat?post=1056"},{"taxonomy":"product_tag","embeddable":true,"href":"https:\/\/www.factoriadeotrosmundos.com\/index.php\/wp-json\/wp\/v2\/product_tag?post=1056"}],"curies":[{"name":"wp","href":"https:\/\/api.w.org\/{rel}","templated":true}]}}