{"id":1094,"date":"2023-12-23T17:39:56","date_gmt":"2023-12-23T17:39:56","guid":{"rendered":"https:\/\/www.factoriadeotrosmundos.com\/?post_type=product&#038;p=1094"},"modified":"2025-07-26T14:55:05","modified_gmt":"2025-07-26T14:55:05","slug":"maqueta-3d-barco","status":"publish","type":"product","link":"https:\/\/www.factoriadeotrosmundos.com\/index.php\/product\/maqueta-3d-barco\/","title":{"rendered":"Maqueta madera 3d. Barco"},"content":{"rendered":"<p>Maqueta de Barco en 3d de madera.<\/p>\n<p>Con una perspectiva bellamente dise\u00f1ada y una experiencia de montaje fluida.<\/p>\n<ul class=\"a-unordered-list a-vertical a-spacing-mini\">\n<li class=\"a-spacing-mini\"><span class=\"a-list-item\">Kit de modelo de corte por l\u00e1ser de dise\u00f1o original.<\/span><\/li>\n<li class=\"a-spacing-mini\"><span class=\"a-list-item\">Tipos Construcci\u00f3n de modelos de barcos: piezas de madera, instrucciones f\u00e1ciles de seguir, construcci\u00f3n de ensamblaje autom\u00e1tico, sin pegamento ni ninguna otra herramienta necesaria.<\/span><\/li>\n<\/ul>\n<p>&nbsp;<\/p>\n","protected":false},"excerpt":{"rendered":"<p>Maqueta de Barco en 3d de madera.<\/p>\n<p>Con una perspectiva bellamente dise\u00f1ada y una experiencia de montaje fluida.<\/p>\n<ul class=\"a-unordered-list a-vertical a-spacing-mini\">\n<li class=\"a-spacing-mini\"><span class=\"a-list-item\">Kit de modelo de corte por l\u00e1ser de dise\u00f1o original.<\/span><\/li>\n<li class=\"a-spacing-mini\"><span class=\"a-list-item\">Tipos Construcci\u00f3n de modelos de barcos: piezas de madera, instrucciones f\u00e1ciles de seguir, construcci\u00f3n de ensamblaje autom\u00e1tico, sin pegamento ni ninguna otra herramienta necesaria.<\/span><\/li>\n<\/ul>\n","protected":false},"featured_media":1095,"comment_status":"open","ping_status":"closed","template":"","meta":[],"product_brand":[],"product_cat":[29,30,141,27,16],"product_tag":[204,206,205,203],"class_list":{"0":"post-1094","1":"product","2":"type-product","3":"status-publish","4":"has-post-thumbnail","6":"product_cat-decoracion","7":"product_cat-educacion","8":"product_cat-libros","9":"product_cat-fantasia-2","10":"product_cat-productos","11":"product_tag-barco","12":"product_tag-madera","13":"product_tag-manualidades","14":"product_tag-maqueta","15":"product_shipping_class-dulce","17":"first","18":"instock","19":"taxable","20":"shipping-taxable","21":"purchasable","22":"product-type-simple"},"_links":{"self":[{"href":"https:\/\/www.factoriadeotrosmundos.com\/index.php\/wp-json\/wp\/v2\/product\/1094","targetHints":{"allow":["GET"]}}],"collection":[{"href":"https:\/\/www.factoriadeotrosmundos.com\/index.php\/wp-json\/wp\/v2\/product"}],"about":[{"href":"https:\/\/www.factoriadeotrosmundos.com\/index.php\/wp-json\/wp\/v2\/types\/product"}],"replies":[{"embeddable":true,"href":"https:\/\/www.factoriadeotrosmundos.com\/index.php\/wp-json\/wp\/v2\/comments?post=1094"}],"wp:featuredmedia":[{"embeddable":true,"href":"https:\/\/www.factoriadeotrosmundos.com\/index.php\/wp-json\/wp\/v2\/media\/1095"}],"wp:attachment":[{"href":"https:\/\/www.factoriadeotrosmundos.com\/index.php\/wp-json\/wp\/v2\/media?parent=1094"}],"wp:term":[{"taxonomy":"product_brand","embeddable":true,"href":"https:\/\/www.factoriadeotrosmundos.com\/index.php\/wp-json\/wp\/v2\/product_brand?post=1094"},{"taxonomy":"product_cat","embeddable":true,"href":"https:\/\/www.factoriadeotrosmundos.com\/index.php\/wp-json\/wp\/v2\/product_cat?post=1094"},{"taxonomy":"product_tag","embeddable":true,"href":"https:\/\/www.factoriadeotrosmundos.com\/index.php\/wp-json\/wp\/v2\/product_tag?post=1094"}],"curies":[{"name":"wp","href":"https:\/\/api.w.org\/{rel}","templated":true}]}}