{"id":1210,"date":"2024-12-02T23:14:07","date_gmt":"2024-12-02T23:14:07","guid":{"rendered":"https:\/\/www.factoriadeotrosmundos.com\/?post_type=product&#038;p=1210"},"modified":"2024-12-02T23:26:15","modified_gmt":"2024-12-02T23:26:15","slug":"dulcecatalan","status":"publish","type":"product","link":"https:\/\/www.factoriadeotrosmundos.com\/index.php\/product\/dulcecatalan\/","title":{"rendered":"Libro CATAL\u00c1N Una vareta m\u00e0gica per a la Dol\u00e7a"},"content":{"rendered":"<p>Si lo quieres DEDICADO por la autora, por favor indica en comentarios el nombre y si hay algo especial que la autora deba saber.<\/p>\n<p>&nbsp;<\/p>\n<p>La Dol\u00e7a tenia orelles de papallona,<\/p>\n<p>tan ddelicades com tancades.<\/p>\n<p>La Dol\u00e7a tenia ulls de tul,<\/p>\n<p>i un preci\u00f3s somriure de silenci.<\/p>\n<p>Aquesta \u00e9s la tendra hist\u00f2ria de la Dol\u00e7a,<\/p>\n<p>una nena sordcega<\/p>\n<p>i la seva m\u00e0gica relaci\u00f3 amb el m\u00f3n.<\/p>\n<p>Un proyecto de <a href=\"https:\/\/www.fasocide.org\/es\/\">FASOCIDE<\/a> y <a href=\"https:\/\/www.letrimagia.com\">Letrimagia<\/a> de la autora Maria J Cuesta (profesora Meraki).<\/p>\n<p><strong>Caracter\u00edsticas:<\/strong><\/p>\n<p><em>22,5 x 22,5 cm<\/em><br \/>\n<em>Tapa dura<\/em><br \/>\n<em>32 p\u00e1ginas<\/em><br \/>\n<em>Edad recomendada 3 a 8 a\u00f1os.<\/em><\/p>\n<p>ISBN\u200f : \u200e 978-8412426427<\/p>\n<p>&nbsp;<\/p>\n","protected":false},"excerpt":{"rendered":"<p>Si lo quieres DEDICADO por la autora, por favor indica en comentarios el nombre y si hay algo especial que la autora deba saber.<\/p>\n<p>La Dol\u00e7a tenia orelles de papallona,<\/p>\n<p>tan ddelicades com tancades.<\/p>\n<p>La Dol\u00e7a tenia ulls de tul,<\/p>\n<p>i un preci\u00f3s somriure de silenci.<\/p>\n<p>Aquesta \u00e9s la tendra hist\u00f2ria de la Dol\u00e7a,<\/p>\n<p>una nena sordcega<\/p>\n<p>i la seva m\u00e0gica relaci\u00f3 amb el m\u00f3n.<\/p>\n<p>ISBN\u200f : \u200e 978-8412426427<\/p>\n","protected":false},"featured_media":1212,"comment_status":"open","ping_status":"closed","template":"","meta":[],"product_brand":[],"product_cat":[30,18,27,16],"product_tag":[21,73,36],"class_list":{"0":"post-1210","1":"product","2":"type-product","3":"status-publish","4":"has-post-thumbnail","6":"product_cat-educacion","7":"product_cat-fantasia","8":"product_cat-fantasia-2","9":"product_cat-productos","10":"product_tag-fantasia","11":"product_tag-libros","12":"product_tag-magia","13":"product_shipping_class-dulce","15":"first","16":"instock","17":"taxable","18":"shipping-taxable","19":"purchasable","20":"product-type-simple"},"_links":{"self":[{"href":"https:\/\/www.factoriadeotrosmundos.com\/index.php\/wp-json\/wp\/v2\/product\/1210","targetHints":{"allow":["GET"]}}],"collection":[{"href":"https:\/\/www.factoriadeotrosmundos.com\/index.php\/wp-json\/wp\/v2\/product"}],"about":[{"href":"https:\/\/www.factoriadeotrosmundos.com\/index.php\/wp-json\/wp\/v2\/types\/product"}],"replies":[{"embeddable":true,"href":"https:\/\/www.factoriadeotrosmundos.com\/index.php\/wp-json\/wp\/v2\/comments?post=1210"}],"wp:featuredmedia":[{"embeddable":true,"href":"https:\/\/www.factoriadeotrosmundos.com\/index.php\/wp-json\/wp\/v2\/media\/1212"}],"wp:attachment":[{"href":"https:\/\/www.factoriadeotrosmundos.com\/index.php\/wp-json\/wp\/v2\/media?parent=1210"}],"wp:term":[{"taxonomy":"product_brand","embeddable":true,"href":"https:\/\/www.factoriadeotrosmundos.com\/index.php\/wp-json\/wp\/v2\/product_brand?post=1210"},{"taxonomy":"product_cat","embeddable":true,"href":"https:\/\/www.factoriadeotrosmundos.com\/index.php\/wp-json\/wp\/v2\/product_cat?post=1210"},{"taxonomy":"product_tag","embeddable":true,"href":"https:\/\/www.factoriadeotrosmundos.com\/index.php\/wp-json\/wp\/v2\/product_tag?post=1210"}],"curies":[{"name":"wp","href":"https:\/\/api.w.org\/{rel}","templated":true}]}}