{"id":1237,"date":"2025-02-27T11:59:04","date_gmt":"2025-02-27T11:59:04","guid":{"rendered":"https:\/\/www.factoriadeotrosmundos.com\/?post_type=product&#038;p=1237"},"modified":"2025-02-27T12:06:19","modified_gmt":"2025-02-27T12:06:19","slug":"viaje-jupiter","status":"publish","type":"product","link":"https:\/\/www.factoriadeotrosmundos.com\/index.php\/product\/viaje-jupiter\/","title":{"rendered":"Libro Viaje a J\u00fapiter"},"content":{"rendered":"<p>Cuando los bichos palo y los caracoles se est\u00e1n preparando para volver a Atenas, reciben un preocupante v\u00eddeo por el que tienen que irse de rescate a J\u00fapiter. \u00bfQu\u00e9 estar\u00e1 pasando en la nave Filadelfia 131?<\/p>\n<p><strong>Caracter\u00edsticas:<\/strong><\/p>\n<p><em>21 x 21 cm<\/em><br \/>\n<em>Tapa blanda <\/em><br \/>\n<em>72 p\u00e1ginas<\/em><br \/>\n<em>Edad recomendada 7 a 10 a\u00f1os.<\/em><\/p>\n<p>Gastos env\u00edo libros de nuestros alumnos:\u00a0 2\u20ac<\/p>\n","protected":false},"excerpt":{"rendered":"<p>\u00a1Descubre las aventuras de los protagonistas m\u00e1s valientes y curiosos del espacio!<\/p>\n<p><em>Viaje a J\u00fapiter<\/em> es un libro creado por Carla Turrientes Garc\u00eda, una de las alumnas de nuestra escuela <a href=\"https:\/\/letrimagia.com\/\">Letrimagia<\/a>.<\/p>\n<p>En <a href=\"https:\/\/letrimagia.com\/\">Letrimagia<\/a> hacemos libros y hacemos magia, que luego dan resultados tan bonitos como este libro \u2728<\/p>\n<p><strong>Sinopsis:<\/strong><\/p>\n<p>Cuando los bichos palo y los caracoles se est\u00e1n preparando para volver a Atenas, reciben un preocupante v\u00eddeo por el que tienen que irse de rescate a J\u00fapiter. \u00bfQu\u00e9 estar\u00e1 pasando en la nave Filadelfia 131?<\/p>\n<p>Gastos env\u00edo libros de nuestros alumnos:\u00a0 2\u20ac<\/p>\n<p>&nbsp;<\/p>\n","protected":false},"featured_media":1238,"comment_status":"open","ping_status":"closed","template":"","meta":[],"product_brand":[],"product_cat":[26,18,27,16],"product_tag":[75,252,21,73],"class_list":{"0":"post-1237","1":"product","2":"type-product","3":"status-publish","4":"has-post-thumbnail","6":"product_cat-espacio","7":"product_cat-fantasia","8":"product_cat-fantasia-2","9":"product_cat-productos","10":"product_tag-aventuras","11":"product_tag-espacio","12":"product_tag-fantasia","13":"product_tag-libros","14":"product_shipping_class-libros-alumnos","16":"first","17":"instock","18":"taxable","19":"shipping-taxable","20":"purchasable","21":"product-type-simple"},"_links":{"self":[{"href":"https:\/\/www.factoriadeotrosmundos.com\/index.php\/wp-json\/wp\/v2\/product\/1237","targetHints":{"allow":["GET"]}}],"collection":[{"href":"https:\/\/www.factoriadeotrosmundos.com\/index.php\/wp-json\/wp\/v2\/product"}],"about":[{"href":"https:\/\/www.factoriadeotrosmundos.com\/index.php\/wp-json\/wp\/v2\/types\/product"}],"replies":[{"embeddable":true,"href":"https:\/\/www.factoriadeotrosmundos.com\/index.php\/wp-json\/wp\/v2\/comments?post=1237"}],"wp:featuredmedia":[{"embeddable":true,"href":"https:\/\/www.factoriadeotrosmundos.com\/index.php\/wp-json\/wp\/v2\/media\/1238"}],"wp:attachment":[{"href":"https:\/\/www.factoriadeotrosmundos.com\/index.php\/wp-json\/wp\/v2\/media?parent=1237"}],"wp:term":[{"taxonomy":"product_brand","embeddable":true,"href":"https:\/\/www.factoriadeotrosmundos.com\/index.php\/wp-json\/wp\/v2\/product_brand?post=1237"},{"taxonomy":"product_cat","embeddable":true,"href":"https:\/\/www.factoriadeotrosmundos.com\/index.php\/wp-json\/wp\/v2\/product_cat?post=1237"},{"taxonomy":"product_tag","embeddable":true,"href":"https:\/\/www.factoriadeotrosmundos.com\/index.php\/wp-json\/wp\/v2\/product_tag?post=1237"}],"curies":[{"name":"wp","href":"https:\/\/api.w.org\/{rel}","templated":true}]}}