{"id":20,"date":"2018-10-21T22:14:59","date_gmt":"2018-10-21T22:14:59","guid":{"rendered":"https:\/\/www.factoriadeotrosmundos.com\/?post_type=product&#038;p=20"},"modified":"2023-01-21T14:59:33","modified_gmt":"2023-01-21T14:59:33","slug":"polvo-de-hadas","status":"publish","type":"product","link":"https:\/\/www.factoriadeotrosmundos.com\/index.php\/product\/polvo-de-hadas\/","title":{"rendered":"Polvo de hadas"},"content":{"rendered":"<p>Solo necesitas fe, confianza y un poquito de polvo de hadas.<\/p>\n<p>Siempre que necesites invocar un poco de magia, no debe faltar un poquito de polvo de hadas. Ll\u00e9valo contigo y util\u00edzalo en cualquier conjuro, hechizo, o momento m\u00e1gico.<\/p>\n<p>Una vez aplicado, es casi imperceptible a los humanos. Si en alguna ocasi\u00f3n llegasen a verlo, suelen pensar que es purpurina\u2026 \u00a1Pobres ingenuos!<\/p>\n<p>Para usos espec\u00edficos, consultar los manuales de magia correspondientes.<\/p>\n<p>Disponible en 12 colores diferentes seg\u00fan el tipo de hada y uso requerido.<\/p>\n<p>Factor\u00eda de otros mundos se exime de toda responsabilidad de los efectos que la magia pueda provocar, y en especial el polvo de hadas de color negro, por motivos obvios.<\/p>\n<p>.<\/p>\n","protected":false},"excerpt":{"rendered":"<p>Solo necesitas fe, confianza y un poquito de polvo de hadas.<\/p>\n<p>Siempre que necesites invocar un poco de magia, no debe faltar un poquito de polvo de hadas. Ll\u00e9valo contigo y util\u00edzalo en cualquier conjuro, hechizo, o momento m\u00e1gico.<\/p>\n","protected":false},"featured_media":21,"comment_status":"open","ping_status":"closed","template":"","meta":[],"product_brand":[],"product_cat":[18,16],"product_tag":[21,19,20],"class_list":{"0":"post-20","1":"product","2":"type-product","3":"status-publish","4":"has-post-thumbnail","6":"product_cat-fantasia","7":"product_cat-productos","8":"product_tag-fantasia","9":"product_tag-hadas","10":"product_tag-polvo-de-hadas","12":"first","13":"instock","14":"purchasable","15":"product-type-simple"},"_links":{"self":[{"href":"https:\/\/www.factoriadeotrosmundos.com\/index.php\/wp-json\/wp\/v2\/product\/20","targetHints":{"allow":["GET"]}}],"collection":[{"href":"https:\/\/www.factoriadeotrosmundos.com\/index.php\/wp-json\/wp\/v2\/product"}],"about":[{"href":"https:\/\/www.factoriadeotrosmundos.com\/index.php\/wp-json\/wp\/v2\/types\/product"}],"replies":[{"embeddable":true,"href":"https:\/\/www.factoriadeotrosmundos.com\/index.php\/wp-json\/wp\/v2\/comments?post=20"}],"wp:featuredmedia":[{"embeddable":true,"href":"https:\/\/www.factoriadeotrosmundos.com\/index.php\/wp-json\/wp\/v2\/media\/21"}],"wp:attachment":[{"href":"https:\/\/www.factoriadeotrosmundos.com\/index.php\/wp-json\/wp\/v2\/media?parent=20"}],"wp:term":[{"taxonomy":"product_brand","embeddable":true,"href":"https:\/\/www.factoriadeotrosmundos.com\/index.php\/wp-json\/wp\/v2\/product_brand?post=20"},{"taxonomy":"product_cat","embeddable":true,"href":"https:\/\/www.factoriadeotrosmundos.com\/index.php\/wp-json\/wp\/v2\/product_cat?post=20"},{"taxonomy":"product_tag","embeddable":true,"href":"https:\/\/www.factoriadeotrosmundos.com\/index.php\/wp-json\/wp\/v2\/product_tag?post=20"}],"curies":[{"name":"wp","href":"https:\/\/api.w.org\/{rel}","templated":true}]}}