{"id":487,"date":"2021-05-29T17:28:34","date_gmt":"2021-05-29T17:28:34","guid":{"rendered":"https:\/\/www.factoriadeotrosmundos.com\/?post_type=product&#038;p=487"},"modified":"2023-12-14T12:12:50","modified_gmt":"2023-12-14T12:12:50","slug":"packamantesdelibros","status":"publish","type":"product","link":"https:\/\/www.factoriadeotrosmundos.com\/index.php\/product\/packamantesdelibros\/","title":{"rendered":"Pack para Amantes de los libros"},"content":{"rendered":"<div>Para todos aquellos amantes de los libros, enamorados de cada detalle, cada palabra o imagen, cada historia y los misterios o secretos que existen en cada una. Para que contin\u00faen amando cada una de esas cosas&#8230;<\/div>\n<div><\/div>\n<div>&#8230; nada mejor que un pack lleno de magia, buenos deseos, polvo de hadas para cumplir sue\u00f1os, un pin porque los Libros son m\u00e1gicos, jud\u00edas m\u00e1gicas que pintan para llenar los blancos de colores, varitas m\u00e1gicas de lapicero que hacen magia y borran maleficios, una llave llena de tinta creativa, un libro creativo para atrapar monstruos, y el libro 101 Maneras de leer a todas horas, in libro que celebra el placer de leer en una recopilaci\u00f3n tierna y humor\u00edstica de las posturas que adoptan los ni\u00f1os y las ni\u00f1as cuando se adentran en la lectura.<\/div>\n<div><\/div>\n<div>Contenido del pack:<\/div>\n<div>&#8211; libro\u00a0<em>101 Maneras de leer a todas horas <\/em><\/div>\n<div>&#8211; libro<em> Atrapa Monstruos<\/em> tapa blanda (Editorial Factor\u00eda de otros mundos).<\/div>\n<div>&#8211; polvo de hadas con collar de cuerda y lazo, y bolsita de gasa.<\/div>\n<div>&#8211; jud\u00edas de 16 colores (pinturas de cera de abejas con tintes naturales en bolsa de 100% algod\u00f3n).<\/div>\n<div>&#8211; pin Books are Magic.<\/div>\n<div>&#8211; varilapiz (varita m\u00e1gica lapicero).<\/div>\n<div>&#8211; lapicero especial Magia &#8211; Anti maleficios.<\/div>\n<div>&#8211; bol\u00edgrafo llave.<\/div>\n<div>&#8211; varita m\u00e1gica con bola de cristales.<\/div>\n<div><\/div>\n<div>Todo ello en una fant\u00e1stica caja de madera<\/div>\n","protected":false},"excerpt":{"rendered":"<div>\n<div>Para todos aquellos amantes de los libros, enamorados de cada detalle, cada palabra o imagen, cada historia y los misterios o secretos que existen en cada una. Para que contin\u00faen amando cada una de esas cosas con este fant\u00e1stico pack&#8230;<\/div>\n<div><\/div>\n<\/div>\n<div><\/div>\n","protected":false},"featured_media":1027,"comment_status":"open","ping_status":"closed","template":"","meta":[],"product_brand":[],"product_cat":[26,18,153,27,16,52],"product_tag":[21,40,154,20,63,64,57],"class_list":{"0":"post-487","1":"product","2":"type-product","3":"status-publish","4":"has-post-thumbnail","6":"product_cat-espacio","7":"product_cat-fantasia","8":"product_cat-libro","9":"product_cat-fantasia-2","10":"product_cat-productos","11":"product_cat-varitas","12":"product_tag-fantasia","13":"product_tag-hada","14":"product_tag-libro","15":"product_tag-polvo-de-hadas","16":"product_tag-profe","17":"product_tag-regalo","18":"product_tag-varita","20":"first","21":"instock","22":"sale","23":"taxable","24":"shipping-taxable","25":"purchasable","26":"product-type-simple"},"_links":{"self":[{"href":"https:\/\/www.factoriadeotrosmundos.com\/index.php\/wp-json\/wp\/v2\/product\/487","targetHints":{"allow":["GET"]}}],"collection":[{"href":"https:\/\/www.factoriadeotrosmundos.com\/index.php\/wp-json\/wp\/v2\/product"}],"about":[{"href":"https:\/\/www.factoriadeotrosmundos.com\/index.php\/wp-json\/wp\/v2\/types\/product"}],"replies":[{"embeddable":true,"href":"https:\/\/www.factoriadeotrosmundos.com\/index.php\/wp-json\/wp\/v2\/comments?post=487"}],"wp:featuredmedia":[{"embeddable":true,"href":"https:\/\/www.factoriadeotrosmundos.com\/index.php\/wp-json\/wp\/v2\/media\/1027"}],"wp:attachment":[{"href":"https:\/\/www.factoriadeotrosmundos.com\/index.php\/wp-json\/wp\/v2\/media?parent=487"}],"wp:term":[{"taxonomy":"product_brand","embeddable":true,"href":"https:\/\/www.factoriadeotrosmundos.com\/index.php\/wp-json\/wp\/v2\/product_brand?post=487"},{"taxonomy":"product_cat","embeddable":true,"href":"https:\/\/www.factoriadeotrosmundos.com\/index.php\/wp-json\/wp\/v2\/product_cat?post=487"},{"taxonomy":"product_tag","embeddable":true,"href":"https:\/\/www.factoriadeotrosmundos.com\/index.php\/wp-json\/wp\/v2\/product_tag?post=487"}],"curies":[{"name":"wp","href":"https:\/\/api.w.org\/{rel}","templated":true}]}}