{"id":504,"date":"2021-05-29T17:54:32","date_gmt":"2021-05-29T17:54:32","guid":{"rendered":"https:\/\/www.factoriadeotrosmundos.com\/?post_type=product&#038;p=504"},"modified":"2023-12-22T13:01:43","modified_gmt":"2023-12-22T13:01:43","slug":"packiniciacionmagos","status":"publish","type":"product","link":"https:\/\/www.factoriadeotrosmundos.com\/index.php\/product\/packiniciacionmagos\/","title":{"rendered":"Pack iniciaci\u00f3n para Magos"},"content":{"rendered":"<div>Para magos que se inician en el mundo de la magia&#8230;<\/div>\n<div><\/div>\n<div>&#8230; nada mejor que un pack lleno de hechizos, conjuros, magia, buenos deseos, varitas m\u00e1gicas para hacer magia en papel, un pin de Aprendiz de mago, una mandr\u00e1gora hechizada que no grita y semillas para plantar mandr\u00e1goras, un billete del Hogwarts Express para que puedas llegar a la escuela, una varita m\u00e1gica que hace magia y deshace maleficios, una llave llena de tinta creativa, y el libro Initium Magia.<\/div>\n<div><\/div>\n<div>El pack contiene:<\/div>\n<div>&#8211; libro Initium Magia, Editorial La esfera de los libros.<\/div>\n<div>&#8211; Billete para Hogwarts Express.<\/div>\n<div>&#8211; Pin Wizard in training.<\/div>\n<div>&#8211; Varilapiz (varita m\u00e1gica lapicero).<\/div>\n<div>&#8211; Lapicero especial Magia &#8211; Anti maleficios.<\/div>\n<div>&#8211; Bol\u00edgrafo llave.<\/div>\n<div>&#8211; Mandr\u00e1gora hechizada (y semillas de mandr\u00e1gora para plantar).<\/div>\n<div>&#8211; Giratiempos<\/div>\n<div>&#8211; Cartera\/Estuche carta de Hogwarts<\/div>\n<div><\/div>\n<div>Todo ello te lo mandamos en una preciosa caja de madera.<\/div>\n","protected":false},"excerpt":{"rendered":"<div>\n<div>Para magos que se inician en el mundo de la magia&#8230;<\/div>\n<div><\/div>\n<\/div>\n<div><\/div>\n","protected":false},"featured_media":1019,"comment_status":"open","ping_status":"closed","template":"","meta":[],"product_brand":[],"product_cat":[18,153,27,16,52],"product_tag":[173,21,154,34,172,64],"class_list":{"0":"post-504","1":"product","2":"type-product","3":"status-publish","4":"has-post-thumbnail","6":"product_cat-fantasia","7":"product_cat-libro","8":"product_cat-fantasia-2","9":"product_cat-productos","10":"product_cat-varitas","11":"product_tag-caja","12":"product_tag-fantasia","13":"product_tag-libro","14":"product_tag-mago","15":"product_tag-pack","16":"product_tag-regalo","18":"first","19":"instock","20":"sale","21":"taxable","22":"shipping-taxable","23":"purchasable","24":"product-type-simple"},"_links":{"self":[{"href":"https:\/\/www.factoriadeotrosmundos.com\/index.php\/wp-json\/wp\/v2\/product\/504","targetHints":{"allow":["GET"]}}],"collection":[{"href":"https:\/\/www.factoriadeotrosmundos.com\/index.php\/wp-json\/wp\/v2\/product"}],"about":[{"href":"https:\/\/www.factoriadeotrosmundos.com\/index.php\/wp-json\/wp\/v2\/types\/product"}],"replies":[{"embeddable":true,"href":"https:\/\/www.factoriadeotrosmundos.com\/index.php\/wp-json\/wp\/v2\/comments?post=504"}],"wp:featuredmedia":[{"embeddable":true,"href":"https:\/\/www.factoriadeotrosmundos.com\/index.php\/wp-json\/wp\/v2\/media\/1019"}],"wp:attachment":[{"href":"https:\/\/www.factoriadeotrosmundos.com\/index.php\/wp-json\/wp\/v2\/media?parent=504"}],"wp:term":[{"taxonomy":"product_brand","embeddable":true,"href":"https:\/\/www.factoriadeotrosmundos.com\/index.php\/wp-json\/wp\/v2\/product_brand?post=504"},{"taxonomy":"product_cat","embeddable":true,"href":"https:\/\/www.factoriadeotrosmundos.com\/index.php\/wp-json\/wp\/v2\/product_cat?post=504"},{"taxonomy":"product_tag","embeddable":true,"href":"https:\/\/www.factoriadeotrosmundos.com\/index.php\/wp-json\/wp\/v2\/product_tag?post=504"}],"curies":[{"name":"wp","href":"https:\/\/api.w.org\/{rel}","templated":true}]}}