{"id":509,"date":"2021-05-29T18:49:50","date_gmt":"2021-05-29T18:49:50","guid":{"rendered":"https:\/\/www.factoriadeotrosmundos.com\/?post_type=product&#038;p=509"},"modified":"2023-12-19T16:48:32","modified_gmt":"2023-12-19T16:48:32","slug":"varita-lapicero-magia-antimaleficios","status":"publish","type":"product","link":"https:\/\/www.factoriadeotrosmundos.com\/index.php\/product\/varita-lapicero-magia-antimaleficios\/","title":{"rendered":"Varita Lapicero Magia &#8211; Antimaleficios"},"content":{"rendered":"<p>Nuestras varitas lapicero son capaces de hacer cosas incre\u00edbles. Y si detectan alg\u00fan maleficio tambi\u00e9n tienen poderes para hacerlo desaparecer.<\/p>\n<p>Son perfectas para hacer aparecer dibujos incre\u00edbles en papeles en blanco, e historias maravillosas en cuadernos de escritura.<\/p>\n<p>Pero hay mucho m\u00e1s. Les encanta que les reten, por eso son la mejor herramienta para hacer ex\u00e1menes, test, pruebas, resolver problemas complejos y cualquier otro reto que les presenten. Nada les frena.<\/p>\n<p>Est\u00e1n elaboradas con maderas especiales custodiadas por bowtruckles, pero lo m\u00e1s importante es que sus interiores de grafito m\u00e1gico son elegidos cuidadosamente por un grupo de elfos entrenados para ello.<\/p>\n<p>Despu\u00e9s, un hechizo final les graba a fuego los m\u00e1gicos poderes que te permitir\u00e1n crear sin l\u00edmites.<\/p>\n","protected":false},"excerpt":{"rendered":"<p>Nuestras varitas lapicero son capaces de hacer cosas incre\u00edbles. Y si detectan alg\u00fan maleficio tambi\u00e9n tienen poderes para hacerlo desaparecer.<\/p>\n<p>Son perfectas para hacer aparecer dibujos incre\u00edbles en papeles en blanco, e historias maravillosas en cuadernos de escritura.<\/p>\n<p>Pero hay mucho m\u00e1s. Les encanta que les reten, por eso son la mejor herramienta para hacer ex\u00e1menes, test, pruebas, resolver problemas complejos y cualquier otro reto que les presenten. Nada les frena.<\/p>\n<p>&nbsp;<\/p>\n","protected":false},"featured_media":536,"comment_status":"open","ping_status":"closed","template":"","meta":[],"product_brand":[],"product_cat":[18,27,16,52],"product_tag":[33,21,58,36,34,56,57,55],"class_list":{"0":"post-509","1":"product","2":"type-product","3":"status-publish","4":"has-post-thumbnail","6":"product_cat-fantasia","7":"product_cat-fantasia-2","8":"product_cat-productos","9":"product_cat-varitas","10":"product_tag-bruja","11":"product_tag-fantasia","12":"product_tag-hechizo","13":"product_tag-magia","14":"product_tag-mago","15":"product_tag-ollivanders","16":"product_tag-varita","17":"product_tag-varitas","19":"first","20":"instock","21":"sale","22":"taxable","23":"shipping-taxable","24":"purchasable","25":"product-type-simple"},"_links":{"self":[{"href":"https:\/\/www.factoriadeotrosmundos.com\/index.php\/wp-json\/wp\/v2\/product\/509","targetHints":{"allow":["GET"]}}],"collection":[{"href":"https:\/\/www.factoriadeotrosmundos.com\/index.php\/wp-json\/wp\/v2\/product"}],"about":[{"href":"https:\/\/www.factoriadeotrosmundos.com\/index.php\/wp-json\/wp\/v2\/types\/product"}],"replies":[{"embeddable":true,"href":"https:\/\/www.factoriadeotrosmundos.com\/index.php\/wp-json\/wp\/v2\/comments?post=509"}],"wp:featuredmedia":[{"embeddable":true,"href":"https:\/\/www.factoriadeotrosmundos.com\/index.php\/wp-json\/wp\/v2\/media\/536"}],"wp:attachment":[{"href":"https:\/\/www.factoriadeotrosmundos.com\/index.php\/wp-json\/wp\/v2\/media?parent=509"}],"wp:term":[{"taxonomy":"product_brand","embeddable":true,"href":"https:\/\/www.factoriadeotrosmundos.com\/index.php\/wp-json\/wp\/v2\/product_brand?post=509"},{"taxonomy":"product_cat","embeddable":true,"href":"https:\/\/www.factoriadeotrosmundos.com\/index.php\/wp-json\/wp\/v2\/product_cat?post=509"},{"taxonomy":"product_tag","embeddable":true,"href":"https:\/\/www.factoriadeotrosmundos.com\/index.php\/wp-json\/wp\/v2\/product_tag?post=509"}],"curies":[{"name":"wp","href":"https:\/\/api.w.org\/{rel}","templated":true}]}}