{"id":511,"date":"2021-05-29T18:49:54","date_gmt":"2021-05-29T18:49:54","guid":{"rendered":"https:\/\/www.factoriadeotrosmundos.com\/?post_type=product&#038;p=511"},"modified":"2026-02-14T14:51:27","modified_gmt":"2026-02-14T14:51:27","slug":"varilapiz","status":"publish","type":"product","link":"https:\/\/www.factoriadeotrosmundos.com\/index.php\/product\/varilapiz\/","title":{"rendered":"Varil\u00e1piz"},"content":{"rendered":"<p>Nuestras varitas m\u00e1gicas con forma de lapicero son las m\u00e1s poderosas porque adem\u00e1s son \u00fanicas e irrepetibles, hechas a mano una a una en los talleres de los sucesores de Olivanders. Capaces de magia de dimensiones incalculables.<\/p>\n<p>En papel son capaces de hacer dibujos maravillosos, escribir historias espectaculares, hacer ex\u00e1menes como nadie los hace, resolver problemas matem\u00e1gicos complejos y much\u00edsimo m\u00e1s.<\/p>\n<p>Est\u00e1n hechas a mano, una a una, decoradas con mimo y cari\u00f1o por artesanos de varitas y de ah\u00ed sus formas y colores caprichosos.<\/p>\n<p>La varita elige al mago.<\/p>\n<p><strong>No hay dos varitas iguales. Puedes indicarnos tus colores favoritos y localizaremos la varita que te elija que se adapte m\u00e1s a t\u00ed<\/strong>.<\/p>\n<p>Si te gustar\u00eda una varita con un estilo concreto, m\u00e1ndanos un email e intentaremos construir a medida la varita exacta que necesites.<\/p>\n","protected":false},"excerpt":{"rendered":"<p>Nuestras varitas m\u00e1gicas con forma de lapicero son las m\u00e1s poderosas porque adem\u00e1s son \u00fanicas e irrepetibles, hechas a mano una a una en los talleres de los sucesores de Olivanders. Capaces de magia de dimensiones incalculables.<\/p>\n","protected":false},"featured_media":540,"comment_status":"open","ping_status":"closed","template":"","meta":[],"product_brand":[],"product_cat":[18,27,16,52],"product_tag":[33,21,58,36,34,56,57,55],"class_list":{"0":"post-511","1":"product","2":"type-product","3":"status-publish","4":"has-post-thumbnail","6":"product_cat-fantasia","7":"product_cat-fantasia-2","8":"product_cat-productos","9":"product_cat-varitas","10":"product_tag-bruja","11":"product_tag-fantasia","12":"product_tag-hechizo","13":"product_tag-magia","14":"product_tag-mago","15":"product_tag-ollivanders","16":"product_tag-varita","17":"product_tag-varitas","19":"first","20":"instock","21":"sale","22":"taxable","23":"shipping-taxable","24":"purchasable","25":"product-type-simple"},"_links":{"self":[{"href":"https:\/\/www.factoriadeotrosmundos.com\/index.php\/wp-json\/wp\/v2\/product\/511","targetHints":{"allow":["GET"]}}],"collection":[{"href":"https:\/\/www.factoriadeotrosmundos.com\/index.php\/wp-json\/wp\/v2\/product"}],"about":[{"href":"https:\/\/www.factoriadeotrosmundos.com\/index.php\/wp-json\/wp\/v2\/types\/product"}],"replies":[{"embeddable":true,"href":"https:\/\/www.factoriadeotrosmundos.com\/index.php\/wp-json\/wp\/v2\/comments?post=511"}],"wp:featuredmedia":[{"embeddable":true,"href":"https:\/\/www.factoriadeotrosmundos.com\/index.php\/wp-json\/wp\/v2\/media\/540"}],"wp:attachment":[{"href":"https:\/\/www.factoriadeotrosmundos.com\/index.php\/wp-json\/wp\/v2\/media?parent=511"}],"wp:term":[{"taxonomy":"product_brand","embeddable":true,"href":"https:\/\/www.factoriadeotrosmundos.com\/index.php\/wp-json\/wp\/v2\/product_brand?post=511"},{"taxonomy":"product_cat","embeddable":true,"href":"https:\/\/www.factoriadeotrosmundos.com\/index.php\/wp-json\/wp\/v2\/product_cat?post=511"},{"taxonomy":"product_tag","embeddable":true,"href":"https:\/\/www.factoriadeotrosmundos.com\/index.php\/wp-json\/wp\/v2\/product_tag?post=511"}],"curies":[{"name":"wp","href":"https:\/\/api.w.org\/{rel}","templated":true}]}}