{"id":513,"date":"2021-05-29T18:50:20","date_gmt":"2021-05-29T18:50:20","guid":{"rendered":"https:\/\/www.factoriadeotrosmundos.com\/?post_type=product&#038;p=513"},"modified":"2026-01-25T10:27:16","modified_gmt":"2026-01-25T10:27:16","slug":"mapa-merodeador","status":"publish","type":"product","link":"https:\/\/www.factoriadeotrosmundos.com\/index.php\/product\/mapa-merodeador\/","title":{"rendered":"Mapa Merodeador Simple"},"content":{"rendered":"<div>La \u00fanica forma de no perderse en Hogwarts y controlar d\u00f3nde est\u00e1 cada uno&#8230; es el mapa del merodeador.<\/div>\n<div><\/div>\n<div>Este mapa es una versi\u00f3n simplificada del mapa del merodeador. Tiene un relieve en p\u00e1ginas interiores y se despliega.<\/div>\n<div>Tama\u00f1o desplegado 72 x 21,5 cm<\/div>\n<div>Tama\u00f1a plegado 11 x 21,5 cm<\/div>\n<div><\/div>\n<div><\/div>\n","protected":false},"excerpt":{"rendered":"<div>La \u00fanica forma de no perderse en Hogwarts y controlar d\u00f3nde est\u00e1 cada uno&#8230; es el mapa del merodeador.<\/div>\n<div><\/div>\n","protected":false},"featured_media":557,"comment_status":"open","ping_status":"closed","template":"","meta":[],"product_brand":[],"product_cat":[18,27,16],"product_tag":[21,35,62,34,67,68],"class_list":{"0":"post-513","1":"product","2":"type-product","3":"status-publish","4":"has-post-thumbnail","6":"product_cat-fantasia","7":"product_cat-fantasia-2","8":"product_cat-productos","9":"product_tag-fantasia","10":"product_tag-harrypotter","11":"product_tag-hogwarts","12":"product_tag-mago","13":"product_tag-mapa","14":"product_tag-merodeador","16":"first","17":"instock","18":"sale","19":"taxable","20":"shipping-taxable","21":"purchasable","22":"product-type-simple"},"_links":{"self":[{"href":"https:\/\/www.factoriadeotrosmundos.com\/index.php\/wp-json\/wp\/v2\/product\/513","targetHints":{"allow":["GET"]}}],"collection":[{"href":"https:\/\/www.factoriadeotrosmundos.com\/index.php\/wp-json\/wp\/v2\/product"}],"about":[{"href":"https:\/\/www.factoriadeotrosmundos.com\/index.php\/wp-json\/wp\/v2\/types\/product"}],"replies":[{"embeddable":true,"href":"https:\/\/www.factoriadeotrosmundos.com\/index.php\/wp-json\/wp\/v2\/comments?post=513"}],"wp:featuredmedia":[{"embeddable":true,"href":"https:\/\/www.factoriadeotrosmundos.com\/index.php\/wp-json\/wp\/v2\/media\/557"}],"wp:attachment":[{"href":"https:\/\/www.factoriadeotrosmundos.com\/index.php\/wp-json\/wp\/v2\/media?parent=513"}],"wp:term":[{"taxonomy":"product_brand","embeddable":true,"href":"https:\/\/www.factoriadeotrosmundos.com\/index.php\/wp-json\/wp\/v2\/product_brand?post=513"},{"taxonomy":"product_cat","embeddable":true,"href":"https:\/\/www.factoriadeotrosmundos.com\/index.php\/wp-json\/wp\/v2\/product_cat?post=513"},{"taxonomy":"product_tag","embeddable":true,"href":"https:\/\/www.factoriadeotrosmundos.com\/index.php\/wp-json\/wp\/v2\/product_tag?post=513"}],"curies":[{"name":"wp","href":"https:\/\/api.w.org\/{rel}","templated":true}]}}