{"id":517,"date":"2021-05-29T19:59:35","date_gmt":"2021-05-29T19:59:35","guid":{"rendered":"https:\/\/www.factoriadeotrosmundos.com\/?post_type=product&#038;p=517"},"modified":"2022-11-10T14:33:07","modified_gmt":"2022-11-10T14:33:07","slug":"pack-harry-potter-pro","status":"publish","type":"product","link":"https:\/\/www.factoriadeotrosmundos.com\/index.php\/product\/pack-harry-potter-pro\/","title":{"rendered":"Pack Harry Potter Pro"},"content":{"rendered":"<p>Para grandes promesas de la magia, este pack PRO contiene maravillas, tesoros m\u00e1gicos que solo los mejores magos sabr\u00e1n valorar.<\/p>\n<div>&#8230;un pack lleno de hechizos poderosos, conjuros encantadores, magia maravillosa, buenos deseos, una varita m\u00e1gica artesanal \u00fanica elaborada en los talleres de los sucesores de Olivanders, varitas m\u00e1gicas para hacer magia en papel, un pin de Aprendiz de mago, una mandr\u00e1gora hechizada que no grita y semillas para plantar mandr\u00e1goras, un mapa del merodeador para que no te pierdas, un billete del Hogwarts Express para que puedas llegar a la escuela, una varita m\u00e1gica que hace magia y deshace maleficios, una llave llena de tinta creativa, y el maravilloso libro para coleccionistas ilustrado y troquelado de Harry Potter y la piedra filosofal edici\u00f3n de Minalima.<\/div>\n<div><\/div>\n<div>El pack contiene:<\/div>\n<div>&#8211; Libro Harry Potter y la piedra filosofal edici\u00f3n Minalima.<\/div>\n<div>&#8211; Billete para Hogwarts Express.<\/div>\n<div>&#8211; Pin Wizard in training.<\/div>\n<div>&#8211; Varilapiz (varita m\u00e1gica lapicero).<\/div>\n<div>&#8211; Lapicero especial Magia &#8211; Anti maleficios.<\/div>\n<div>&#8211; Bol\u00edgrafo llave.<\/div>\n<div>&#8211; Mandr\u00e1gora hechizada (y semillas de mandr\u00e1gora para plantar).<\/div>\n<div>&#8211; Snitch dorada.<\/div>\n<div>&#8211; Giratiempos.<\/div>\n<div>&#8211; Varita m\u00e1gica artesanal.<\/div>\n<div>&#8211; Cartera\/Estuche carta de Hogwarts<\/div>\n","protected":false},"excerpt":{"rendered":"<div>\n<div>Para grandes promesas de la magia, este pack PRO contiene maravillas, tesoros m\u00e1gicos que solo los mejores magos sabr\u00e1n valorar.<\/div>\n<div><\/div>\n<\/div>\n<div><\/div>\n","protected":false},"featured_media":480,"comment_status":"open","ping_status":"closed","template":"","meta":[],"product_brand":[],"product_cat":[18,27,16,52],"product_tag":[21,34,64],"class_list":{"0":"post-517","1":"product","2":"type-product","3":"status-publish","4":"has-post-thumbnail","6":"product_cat-fantasia","7":"product_cat-fantasia-2","8":"product_cat-productos","9":"product_cat-varitas","10":"product_tag-fantasia","11":"product_tag-mago","12":"product_tag-regalo","14":"first","15":"instock","16":"sale","17":"taxable","18":"shipping-taxable","19":"purchasable","20":"product-type-simple"},"_links":{"self":[{"href":"https:\/\/www.factoriadeotrosmundos.com\/index.php\/wp-json\/wp\/v2\/product\/517","targetHints":{"allow":["GET"]}}],"collection":[{"href":"https:\/\/www.factoriadeotrosmundos.com\/index.php\/wp-json\/wp\/v2\/product"}],"about":[{"href":"https:\/\/www.factoriadeotrosmundos.com\/index.php\/wp-json\/wp\/v2\/types\/product"}],"replies":[{"embeddable":true,"href":"https:\/\/www.factoriadeotrosmundos.com\/index.php\/wp-json\/wp\/v2\/comments?post=517"}],"wp:featuredmedia":[{"embeddable":true,"href":"https:\/\/www.factoriadeotrosmundos.com\/index.php\/wp-json\/wp\/v2\/media\/480"}],"wp:attachment":[{"href":"https:\/\/www.factoriadeotrosmundos.com\/index.php\/wp-json\/wp\/v2\/media?parent=517"}],"wp:term":[{"taxonomy":"product_brand","embeddable":true,"href":"https:\/\/www.factoriadeotrosmundos.com\/index.php\/wp-json\/wp\/v2\/product_brand?post=517"},{"taxonomy":"product_cat","embeddable":true,"href":"https:\/\/www.factoriadeotrosmundos.com\/index.php\/wp-json\/wp\/v2\/product_cat?post=517"},{"taxonomy":"product_tag","embeddable":true,"href":"https:\/\/www.factoriadeotrosmundos.com\/index.php\/wp-json\/wp\/v2\/product_tag?post=517"}],"curies":[{"name":"wp","href":"https:\/\/api.w.org\/{rel}","templated":true}]}}