{"id":530,"date":"2021-05-30T08:16:41","date_gmt":"2021-05-30T08:16:41","guid":{"rendered":"https:\/\/www.factoriadeotrosmundos.com\/?post_type=product&#038;p=530"},"modified":"2022-12-28T08:28:20","modified_gmt":"2022-12-28T08:28:20","slug":"picket-bowtruckle","status":"publish","type":"product","link":"https:\/\/www.factoriadeotrosmundos.com\/index.php\/product\/picket-bowtruckle\/","title":{"rendered":"Picket &#8211; Bowtruckle"},"content":{"rendered":"<p>El\u00a0<b>bowtruckle<\/b>\u00a0es un guardi\u00e1n de \u00e1rboles inmensamente dif\u00edcil de detectar. Se puede encontrar en el oeste de Inglaterra, el sur de Alemania, y en algunos bosques escandinavos. Un\u00a0<b>Bowtruckle<\/b>\u00a0sirve como guardi\u00e1n de su \u00e1rbol, que suele ser uno cuya madera sirve para fabricar varitas m\u00e1gicas.<\/p>\n<p>Un Bowtruckle es peque\u00f1o, con una altura aproximada de 15-18 cent\u00edmetros, y tiene dos peque\u00f1os ojos de color casta\u00f1o. Come insectos, es pac\u00edfico y reservado.<\/p>\n<p>Newton Scamander\u00a0tiene uno como mascota, llamado\u00a0Pickett, adem\u00e1s de\u00a0Titus,\u00a0Finn,\u00a0Jeremy,\u00a0Marlow\u00a0y\u00a0Tom.<\/p>\n<p>Este bowtruckle est\u00e1 cogido a mano de forma completamente artesanal en los \u00e1rboles de los bosques m\u00e1gicos.<\/p>\n<p>Ser\u00e1 tu amigo inseparable.<\/p>\n","protected":false},"excerpt":{"rendered":"<div>\n<div>Si quieres tener tu propio bowtruckle, que ser\u00e1 inseparable (tienen cierta dependencia), tenemos los m\u00e1s cari\u00f1osos y adorables.<\/div>\n<\/div>\n","protected":false},"featured_media":561,"comment_status":"open","ping_status":"closed","template":"","meta":[],"product_brand":[],"product_cat":[18,27,16,52],"product_tag":[70,21,34,69,64,60],"class_list":{"0":"post-530","1":"product","2":"type-product","3":"status-publish","4":"has-post-thumbnail","6":"product_cat-fantasia","7":"product_cat-fantasia-2","8":"product_cat-productos","9":"product_cat-varitas","10":"product_tag-bowtruckle","11":"product_tag-fantasia","12":"product_tag-mago","13":"product_tag-picket","14":"product_tag-regalo","15":"product_tag-snitch","17":"first","18":"instock","19":"taxable","20":"shipping-taxable","21":"purchasable","22":"product-type-simple"},"_links":{"self":[{"href":"https:\/\/www.factoriadeotrosmundos.com\/index.php\/wp-json\/wp\/v2\/product\/530","targetHints":{"allow":["GET"]}}],"collection":[{"href":"https:\/\/www.factoriadeotrosmundos.com\/index.php\/wp-json\/wp\/v2\/product"}],"about":[{"href":"https:\/\/www.factoriadeotrosmundos.com\/index.php\/wp-json\/wp\/v2\/types\/product"}],"replies":[{"embeddable":true,"href":"https:\/\/www.factoriadeotrosmundos.com\/index.php\/wp-json\/wp\/v2\/comments?post=530"}],"wp:featuredmedia":[{"embeddable":true,"href":"https:\/\/www.factoriadeotrosmundos.com\/index.php\/wp-json\/wp\/v2\/media\/561"}],"wp:attachment":[{"href":"https:\/\/www.factoriadeotrosmundos.com\/index.php\/wp-json\/wp\/v2\/media?parent=530"}],"wp:term":[{"taxonomy":"product_brand","embeddable":true,"href":"https:\/\/www.factoriadeotrosmundos.com\/index.php\/wp-json\/wp\/v2\/product_brand?post=530"},{"taxonomy":"product_cat","embeddable":true,"href":"https:\/\/www.factoriadeotrosmundos.com\/index.php\/wp-json\/wp\/v2\/product_cat?post=530"},{"taxonomy":"product_tag","embeddable":true,"href":"https:\/\/www.factoriadeotrosmundos.com\/index.php\/wp-json\/wp\/v2\/product_tag?post=530"}],"curies":[{"name":"wp","href":"https:\/\/api.w.org\/{rel}","templated":true}]}}