{"id":535,"date":"2021-05-30T16:00:57","date_gmt":"2021-05-30T16:00:57","guid":{"rendered":"https:\/\/www.factoriadeotrosmundos.com\/?post_type=product&#038;p=535"},"modified":"2025-03-14T09:26:03","modified_gmt":"2025-03-14T09:26:03","slug":"atrapa-monstruos-cuaderno-de-creatividad","status":"publish","type":"product","link":"https:\/\/www.factoriadeotrosmundos.com\/index.php\/product\/atrapa-monstruos-cuaderno-de-creatividad\/","title":{"rendered":"Libro Atrapa monstruos: Cuaderno de creatividad"},"content":{"rendered":"<p>Solo una mente entrenada es capaz de descubrir al monstruo que se esconde tras una cortina, un muro, un disfraz o un borr\u00f3n.<\/p>\n<p>Este libro est\u00e1 lleno de monstruos y criaturas de otros mundos.<\/p>\n<p>Algunos de ellos pueden ser peligrosos.<\/p>\n<p>Atrapando monstruos se desarrolla la creatividad, se estimula la imaginaci\u00f3n, se mejoran las habilidades para resolver problemas, para enfrentarse a retos, se desarrolla la capacidad de analizar nuevas perspectivas, enfoques, y puntos de vista diferentes.<\/p>\n<p>Muchos j\u00f3venes y peque\u00f1os seres viven hoy en lugares muy lejanos a aquellos a los que realmente pertenecen.<\/p>\n<p>Los libros y cuadernos de entrenamiento creativo para criaturas de otros mundos son material imprescindible para su educaci\u00f3n en mundos singulares como el de los humanos ya que permiten desarrollar habilidades b\u00e1sicas tanto para seres del inframundo (vampiros, brujas, monstruos, momias, hombres lobo, etc.), como de los mundos fant\u00e1sticos (elfos, hadas, ninfas, sirenas, unicornios, etc.) o de otros planetas (alien\u00edgenas, extraterrestres, etc.).<\/p>\n<p>Usados en ocasiones por humanos han logrado despertar habilidades especiales de inigualable potencia.<\/p>\n","protected":false},"excerpt":{"rendered":"<p>Solo una mente entrenada es capaz de descubrir al monstruo que se esconde tras una cortina, un muro, un disfraz o un borr\u00f3n.<\/p>\n<p>Este libro est\u00e1 lleno de monstruos y criaturas de otros mundos.<\/p>\n<p>Algunos de ellos pueden ser peligrosos.<\/p>\n<p>Atrapando monstruos se desarrolla la creatividad, se estimula la imaginaci\u00f3n, se mejoran las habilidades para resolver problemas, para enfrentarse a retos, se desarrolla la capacidad de analizar nuevas perspectivas, enfoques, y puntos de vista diferentes.<\/p>\n<p>Muchos j\u00f3venes y peque\u00f1os seres viven hoy en lugares muy lejanos a aquellos a los que realmente pertenecen.<\/p>\n<p>Los libros y cuadernos de entrenamiento creativo para criaturas de otros mundos son material imprescindible para su educaci\u00f3n en mundos singulares como el de los humanos ya que permiten desarrollar habilidades b\u00e1sicas tanto para seres del inframundo (vampiros, brujas, monstruos, momias, hombres lobo, etc.), como de los mundos fant\u00e1sticos (elfos, hadas, ninfas, sirenas, unicornios, etc.) o de otros planetas (alien\u00edgenas, extraterrestres, etc.).<\/p>\n<p>Usados en ocasiones por humanos han logrado despertar habilidades especiales de inigualable potencia.<\/p>\n","protected":false},"featured_media":539,"comment_status":"open","ping_status":"closed","template":"","meta":[],"product_brand":[],"product_cat":[18,27,16,52],"product_tag":[33,21,58,36,34,56,57,55],"class_list":{"0":"post-535","1":"product","2":"type-product","3":"status-publish","4":"has-post-thumbnail","6":"product_cat-fantasia","7":"product_cat-fantasia-2","8":"product_cat-productos","9":"product_cat-varitas","10":"product_tag-bruja","11":"product_tag-fantasia","12":"product_tag-hechizo","13":"product_tag-magia","14":"product_tag-mago","15":"product_tag-ollivanders","16":"product_tag-varita","17":"product_tag-varitas","18":"product_shipping_class-envio-libros-estandar","20":"first","21":"instock","22":"sale","23":"taxable","24":"shipping-taxable","25":"purchasable","26":"product-type-simple"},"_links":{"self":[{"href":"https:\/\/www.factoriadeotrosmundos.com\/index.php\/wp-json\/wp\/v2\/product\/535","targetHints":{"allow":["GET"]}}],"collection":[{"href":"https:\/\/www.factoriadeotrosmundos.com\/index.php\/wp-json\/wp\/v2\/product"}],"about":[{"href":"https:\/\/www.factoriadeotrosmundos.com\/index.php\/wp-json\/wp\/v2\/types\/product"}],"replies":[{"embeddable":true,"href":"https:\/\/www.factoriadeotrosmundos.com\/index.php\/wp-json\/wp\/v2\/comments?post=535"}],"wp:featuredmedia":[{"embeddable":true,"href":"https:\/\/www.factoriadeotrosmundos.com\/index.php\/wp-json\/wp\/v2\/media\/539"}],"wp:attachment":[{"href":"https:\/\/www.factoriadeotrosmundos.com\/index.php\/wp-json\/wp\/v2\/media?parent=535"}],"wp:term":[{"taxonomy":"product_brand","embeddable":true,"href":"https:\/\/www.factoriadeotrosmundos.com\/index.php\/wp-json\/wp\/v2\/product_brand?post=535"},{"taxonomy":"product_cat","embeddable":true,"href":"https:\/\/www.factoriadeotrosmundos.com\/index.php\/wp-json\/wp\/v2\/product_cat?post=535"},{"taxonomy":"product_tag","embeddable":true,"href":"https:\/\/www.factoriadeotrosmundos.com\/index.php\/wp-json\/wp\/v2\/product_tag?post=535"}],"curies":[{"name":"wp","href":"https:\/\/api.w.org\/{rel}","templated":true}]}}