{"id":593,"date":"2021-06-18T09:20:59","date_gmt":"2021-06-18T09:20:59","guid":{"rendered":"https:\/\/www.factoriadeotrosmundos.com\/?post_type=product&#038;p=593"},"modified":"2023-01-21T15:05:36","modified_gmt":"2023-01-21T15:05:36","slug":"camarasecretadelfaraon","status":"publish","type":"product","link":"https:\/\/www.factoriadeotrosmundos.com\/index.php\/product\/camarasecretadelfaraon\/","title":{"rendered":"Libro La C\u00e1mara secreta del Fara\u00f3n"},"content":{"rendered":"<p>Tres bicho palo y dos caracoles se proponen resolver el misterio de la Pir\u00e1mide Sangrienta de la que nadie sali\u00f3 con vida.<br \/>\n\u00bfLo conseguir\u00e1n ellos?<br \/>\n\u00bfDescubrir\u00e1n el tesoro del fara\u00f3n Hatchedkam\u00f3n?<\/p>\n<p><strong>Caracter\u00edsticas:<\/strong><\/p>\n<p><em>21 x 21 cm<\/em><br \/>\n<em>Tapa blanda <\/em><br \/>\n<em>54 p\u00e1ginas<\/em><br \/>\n<em>Edad recomendada 7 a 10 a\u00f1os.<\/em><\/p>\n<p>Gastos env\u00edo libros de nuestros alumnos:\u00a0 2\u20ac<\/p>\n","protected":false},"excerpt":{"rendered":"<p>\u00a1Descubre las aventuras de los protagonistas m\u00e1s valientes y curiosos del desierto!<\/p>\n<p><em>La C\u00e1mara secreta del Fara\u00f3n<\/em> es un libro creado por Carla Turrientes Garc\u00eda, una de las alumnas de nuestra escuela <a href=\"https:\/\/letrimagia.com\/\">Letrimagia<\/a>.<\/p>\n<p>En <a href=\"https:\/\/letrimagia.com\/\">Letrimagia<\/a> hacemos libros y hacemos magia, que luego dan resultados tan bonitos como este libro \u2728<\/p>\n<p><strong>Sinopsis:<\/strong><\/p>\n<p>Tres bicho palo y dos caracoles se proponen resolver el misterio de la Pir\u00e1mide Sangrienta de la que nadie sali\u00f3 con vida.<br \/>\n\u00bfLo conseguir\u00e1n ellos?<br \/>\n\u00bfDescubrir\u00e1n el tesoro del fara\u00f3n Hatchedkam\u00f3n?<\/p>\n<p>Gastos env\u00edo libros de nuestros alumnos:\u00a0 2\u20ac<\/p>\n<p>&nbsp;<\/p>\n","protected":false},"featured_media":580,"comment_status":"open","ping_status":"closed","template":"","meta":[],"product_brand":[],"product_cat":[18,27,16],"product_tag":[75,21,74,73],"class_list":{"0":"post-593","1":"product","2":"type-product","3":"status-publish","4":"has-post-thumbnail","6":"product_cat-fantasia","7":"product_cat-fantasia-2","8":"product_cat-productos","9":"product_tag-aventuras","10":"product_tag-fantasia","11":"product_tag-faraon","12":"product_tag-libros","13":"product_shipping_class-libros-alumnos","15":"first","16":"instock","17":"taxable","18":"shipping-taxable","19":"purchasable","20":"product-type-simple"},"_links":{"self":[{"href":"https:\/\/www.factoriadeotrosmundos.com\/index.php\/wp-json\/wp\/v2\/product\/593","targetHints":{"allow":["GET"]}}],"collection":[{"href":"https:\/\/www.factoriadeotrosmundos.com\/index.php\/wp-json\/wp\/v2\/product"}],"about":[{"href":"https:\/\/www.factoriadeotrosmundos.com\/index.php\/wp-json\/wp\/v2\/types\/product"}],"replies":[{"embeddable":true,"href":"https:\/\/www.factoriadeotrosmundos.com\/index.php\/wp-json\/wp\/v2\/comments?post=593"}],"wp:featuredmedia":[{"embeddable":true,"href":"https:\/\/www.factoriadeotrosmundos.com\/index.php\/wp-json\/wp\/v2\/media\/580"}],"wp:attachment":[{"href":"https:\/\/www.factoriadeotrosmundos.com\/index.php\/wp-json\/wp\/v2\/media?parent=593"}],"wp:term":[{"taxonomy":"product_brand","embeddable":true,"href":"https:\/\/www.factoriadeotrosmundos.com\/index.php\/wp-json\/wp\/v2\/product_brand?post=593"},{"taxonomy":"product_cat","embeddable":true,"href":"https:\/\/www.factoriadeotrosmundos.com\/index.php\/wp-json\/wp\/v2\/product_cat?post=593"},{"taxonomy":"product_tag","embeddable":true,"href":"https:\/\/www.factoriadeotrosmundos.com\/index.php\/wp-json\/wp\/v2\/product_tag?post=593"}],"curies":[{"name":"wp","href":"https:\/\/api.w.org\/{rel}","templated":true}]}}