{"id":594,"date":"2021-06-18T09:44:59","date_gmt":"2021-06-18T09:44:59","guid":{"rendered":"https:\/\/www.factoriadeotrosmundos.com\/?post_type=product&#038;p=594"},"modified":"2023-01-21T15:05:30","modified_gmt":"2023-01-21T15:05:30","slug":"labrujulamagica","status":"publish","type":"product","link":"https:\/\/www.factoriadeotrosmundos.com\/index.php\/product\/labrujulamagica\/","title":{"rendered":"Libro La Br\u00fajula m\u00e1gica"},"content":{"rendered":"<p>Tomasito era un cerdito pirata que surcaba los mares buscando aventuras.<br \/>\nUn d\u00eda, encontr\u00f3 un mapa misterioso, y de la nada, apareci\u00f3 Negro, un pirata malvado, que tras una feroz batalla, se lo rob\u00f3.<br \/>\nCuando pensaba que todo estaba perdido, Tomasito conoci\u00f3 a unos amigos m\u00e1gicos dispuestos a ayudarle.<br \/>\n\u00bfPodr\u00e1 recuperar su vida pirata, y superar su odio por Negro?<\/p>\n<p><strong>Caracter\u00edsticas:<\/strong><\/p>\n<p><em>15,2 x 22,8 cm<\/em><br \/>\n<em>Tapa blanda <\/em><br \/>\n<em>42 p\u00e1ginas<\/em><br \/>\n<em>Edad recomendada 4 a 8 a\u00f1os.<\/em><\/p>\n<p>Gastos env\u00edo libros de nuestros alumnos:\u00a0 2\u20ac<\/p>\n","protected":false},"excerpt":{"rendered":"<p>\u00a1Descubre las aventuras del cerdito pirata m\u00e1s incre\u00edble de los mares!<\/p>\n<p><em>La Br\u00fajula m\u00e1gica<\/em> es un libro creado por Celia Correa Sanz, una de las alumnas de nuestra escuela <a href=\"https:\/\/letrimagia.com\/\">Letrimagia<\/a>.<\/p>\n<p>En <a href=\"https:\/\/letrimagia.com\/\">Letrimagia<\/a> hacemos libros y hacemos magia, que luego dan resultados tan bonitos como este libro \u2728<\/p>\n<p><strong>Sinopsis:<\/strong><\/p>\n<p>Tomasito era un cerdito pirata que surcaba los mares buscando aventuras.<br \/>\nUn d\u00eda, encontr\u00f3 un mapa misterioso, y de la nada, apareci\u00f3 Negro, un pirata malvado, que tras una feroz batalla, se lo rob\u00f3.<br \/>\nCuando pensaba que todo estaba perdido, Tomasito conoci\u00f3 a unos amigos m\u00e1gicos dispuestos a ayudarle.<br \/>\n\u00bfPodr\u00e1 recuperar su vida pirata, y superar su odio por Negro?<\/p>\n<p>Gastos env\u00edo libros de nuestros alumnos:\u00a0 2\u20ac<\/p>\n<p>&nbsp;<\/p>\n","protected":false},"featured_media":600,"comment_status":"open","ping_status":"closed","template":"","meta":[],"product_brand":[],"product_cat":[18,27,16],"product_tag":[75,21,73,36,76],"class_list":{"0":"post-594","1":"product","2":"type-product","3":"status-publish","4":"has-post-thumbnail","6":"product_cat-fantasia","7":"product_cat-fantasia-2","8":"product_cat-productos","9":"product_tag-aventuras","10":"product_tag-fantasia","11":"product_tag-libros","12":"product_tag-magia","13":"product_tag-piratas","14":"product_shipping_class-libros-alumnos","16":"first","17":"instock","18":"taxable","19":"shipping-taxable","20":"purchasable","21":"product-type-simple"},"_links":{"self":[{"href":"https:\/\/www.factoriadeotrosmundos.com\/index.php\/wp-json\/wp\/v2\/product\/594","targetHints":{"allow":["GET"]}}],"collection":[{"href":"https:\/\/www.factoriadeotrosmundos.com\/index.php\/wp-json\/wp\/v2\/product"}],"about":[{"href":"https:\/\/www.factoriadeotrosmundos.com\/index.php\/wp-json\/wp\/v2\/types\/product"}],"replies":[{"embeddable":true,"href":"https:\/\/www.factoriadeotrosmundos.com\/index.php\/wp-json\/wp\/v2\/comments?post=594"}],"wp:featuredmedia":[{"embeddable":true,"href":"https:\/\/www.factoriadeotrosmundos.com\/index.php\/wp-json\/wp\/v2\/media\/600"}],"wp:attachment":[{"href":"https:\/\/www.factoriadeotrosmundos.com\/index.php\/wp-json\/wp\/v2\/media?parent=594"}],"wp:term":[{"taxonomy":"product_brand","embeddable":true,"href":"https:\/\/www.factoriadeotrosmundos.com\/index.php\/wp-json\/wp\/v2\/product_brand?post=594"},{"taxonomy":"product_cat","embeddable":true,"href":"https:\/\/www.factoriadeotrosmundos.com\/index.php\/wp-json\/wp\/v2\/product_cat?post=594"},{"taxonomy":"product_tag","embeddable":true,"href":"https:\/\/www.factoriadeotrosmundos.com\/index.php\/wp-json\/wp\/v2\/product_tag?post=594"}],"curies":[{"name":"wp","href":"https:\/\/api.w.org\/{rel}","templated":true}]}}