{"id":617,"date":"2021-07-07T08:56:49","date_gmt":"2021-07-07T08:56:49","guid":{"rendered":"https:\/\/www.factoriadeotrosmundos.com\/?post_type=product&#038;p=617"},"modified":"2021-07-07T09:05:17","modified_gmt":"2021-07-07T09:05:17","slug":"packlibrofilos","status":"publish","type":"product","link":"https:\/\/www.factoriadeotrosmundos.com\/index.php\/product\/packlibrofilos\/","title":{"rendered":"Pack Libr\u00f3filos"},"content":{"rendered":"<div>Para los m\u00e1s lectores y amantes de los libros, de las letras y las palabras, de las librer\u00edas, las bibliotecas y de aquellos lugares donde los libros son los protagonistas de grandes historias&#8230;<\/div>\n<div><\/div>\n<div>&#8230; nada mejor que un pack lleno de magia, buenos deseos, polvo de hadas para cumplir sue\u00f1os, un pin porque los Libros son m\u00e1gicos, jud\u00edas m\u00e1gicas que pintan para llenar los blancos de colores, varitas m\u00e1gicas de lapicero que hacen magia y borran maleficios, una llave llena de tinta creativa, un libro creativo para atrapar monstruos, y un libro maravilloso llamado <em>Los Fant\u00e1sticos libros voladores del Sr.\u00a0 Morris Lessmore <\/em>para que disfrutes con su incre\u00edble historia.<\/div>\n<div><\/div>\n<div><\/div>\n<div>Contenido del pack:<\/div>\n<div>&#8211; libro <em>Los Fant\u00e1sticos libros voladores del Sr.\u00a0 Morris Lessmore<\/em> (formato 30&#215;21)<\/div>\n<div>&#8211; libro <em>Atrapa Monstruos<\/em> tapa blanda (Editorial Factor\u00eda de otros mundos).<\/div>\n<div>&#8211; polvo de hadas con collar de cuerda y lazo, y bolsita de gasa.<\/div>\n<div>&#8211; jud\u00edas de 16 colores (pinturas de cera de abejas con tintes naturales en bolsa de 100% algod\u00f3n).<\/div>\n<div>&#8211; pin Books are Magic.<\/div>\n<div>&#8211; varil\u00e1piz (varita m\u00e1gica lapicero).<\/div>\n<div>&#8211; lapicero especial Magia &#8211; Anti maleficios.<\/div>\n<div>&#8211; bol\u00edgrafo llave.<\/div>\n<div>&#8211; varita m\u00e1gica con bola de cristales.<\/div>\n<div><\/div>\n<div><\/div>\n","protected":false},"excerpt":{"rendered":"<p>Para los m\u00e1s lectores y amantes de los libros, de las letras y las palabras, de las librer\u00edas, las bibliotecas y de aquellos lugares donde los libros son los protagonistas de grandes historias.<\/p>\n","protected":false},"featured_media":605,"comment_status":"open","ping_status":"closed","template":"","meta":[],"product_brand":[],"product_cat":[26,18,27,16],"product_tag":[21,73,34,63,64],"class_list":{"0":"post-617","1":"product","2":"type-product","3":"status-publish","4":"has-post-thumbnail","6":"product_cat-espacio","7":"product_cat-fantasia","8":"product_cat-fantasia-2","9":"product_cat-productos","10":"product_tag-fantasia","11":"product_tag-libros","12":"product_tag-mago","13":"product_tag-profe","14":"product_tag-regalo","16":"first","17":"instock","18":"sale","19":"taxable","20":"shipping-taxable","21":"purchasable","22":"product-type-simple"},"_links":{"self":[{"href":"https:\/\/www.factoriadeotrosmundos.com\/index.php\/wp-json\/wp\/v2\/product\/617","targetHints":{"allow":["GET"]}}],"collection":[{"href":"https:\/\/www.factoriadeotrosmundos.com\/index.php\/wp-json\/wp\/v2\/product"}],"about":[{"href":"https:\/\/www.factoriadeotrosmundos.com\/index.php\/wp-json\/wp\/v2\/types\/product"}],"replies":[{"embeddable":true,"href":"https:\/\/www.factoriadeotrosmundos.com\/index.php\/wp-json\/wp\/v2\/comments?post=617"}],"wp:featuredmedia":[{"embeddable":true,"href":"https:\/\/www.factoriadeotrosmundos.com\/index.php\/wp-json\/wp\/v2\/media\/605"}],"wp:attachment":[{"href":"https:\/\/www.factoriadeotrosmundos.com\/index.php\/wp-json\/wp\/v2\/media?parent=617"}],"wp:term":[{"taxonomy":"product_brand","embeddable":true,"href":"https:\/\/www.factoriadeotrosmundos.com\/index.php\/wp-json\/wp\/v2\/product_brand?post=617"},{"taxonomy":"product_cat","embeddable":true,"href":"https:\/\/www.factoriadeotrosmundos.com\/index.php\/wp-json\/wp\/v2\/product_cat?post=617"},{"taxonomy":"product_tag","embeddable":true,"href":"https:\/\/www.factoriadeotrosmundos.com\/index.php\/wp-json\/wp\/v2\/product_tag?post=617"}],"curies":[{"name":"wp","href":"https:\/\/api.w.org\/{rel}","templated":true}]}}