{"id":63,"date":"2018-10-22T18:40:03","date_gmt":"2018-10-22T18:40:03","guid":{"rendered":"https:\/\/www.factoriadeotrosmundos.com\/?post_type=product&#038;p=63"},"modified":"2023-01-18T22:16:28","modified_gmt":"2023-01-18T22:16:28","slug":"criptonita","status":"publish","type":"product","link":"https:\/\/www.factoriadeotrosmundos.com\/index.php\/product\/criptonita\/","title":{"rendered":"Criptonita"},"content":{"rendered":"<p>Criptonita pura extra\u00edda con t\u00e9cnicas FGX8 de las minas criptuncidarias del planeta Cript\u00f3n.<\/p>\n<p>Tanto si utilizas la criptonita como fuente de energ\u00eda para veh\u00edculos, naves, robots, o para ti mismo; como si la pretendes utilizar en tus operaciones contra superh\u00e9roes, no vamos a preguntarte nada. Ll\u00e9vate tu criptonita y no nos des explicaciones.<\/p>\n<p>ATENCI\u00d3N: Puede ser peligrosa para algunos superh\u00e9roes, incluso mortal.<\/p>\n<p>Se carga con luz de cualquier estrella alfa-gama en edad de vida \u00fatil, o con focos transcript\u00f3nicos de tipos A, B o K.<\/p>\n","protected":false},"excerpt":{"rendered":"<p>Criptonita\u00a0(Sin explicaciones)<\/p>\n<p>Fuente de energ\u00eda para veh\u00edculos, naves, robots, o para ti mismo.<\/p>\n<p><strong>ATENCI\u00d3N:<\/strong> puede ser peligrosa para algunos superh\u00e9roes.<\/p>\n<p>Se carga con luz de estrellas alfa-gama o con focos transcript\u00f3nicos tipo A, B o K.<\/p>\n<p><strong>Informaci\u00f3n para humanos<\/strong><\/p>\n<p>Colgantes con cord\u00f3n, metal plateado y resina.<\/p>\n","protected":false},"featured_media":94,"comment_status":"open","ping_status":"closed","template":"","meta":[],"product_brand":[],"product_cat":[29,26,25,16],"product_tag":[45,31,41,42],"class_list":{"0":"post-63","1":"product","2":"type-product","3":"status-publish","4":"has-post-thumbnail","6":"product_cat-decoracion","7":"product_cat-espacio","8":"product_cat-inframundo","9":"product_cat-productos","10":"product_tag-extraterrestre","11":"product_tag-inframundo","12":"product_tag-superheroe","13":"product_tag-superman","15":"first","16":"instock","17":"sale","18":"taxable","19":"shipping-taxable","20":"purchasable","21":"product-type-simple"},"_links":{"self":[{"href":"https:\/\/www.factoriadeotrosmundos.com\/index.php\/wp-json\/wp\/v2\/product\/63","targetHints":{"allow":["GET"]}}],"collection":[{"href":"https:\/\/www.factoriadeotrosmundos.com\/index.php\/wp-json\/wp\/v2\/product"}],"about":[{"href":"https:\/\/www.factoriadeotrosmundos.com\/index.php\/wp-json\/wp\/v2\/types\/product"}],"replies":[{"embeddable":true,"href":"https:\/\/www.factoriadeotrosmundos.com\/index.php\/wp-json\/wp\/v2\/comments?post=63"}],"wp:featuredmedia":[{"embeddable":true,"href":"https:\/\/www.factoriadeotrosmundos.com\/index.php\/wp-json\/wp\/v2\/media\/94"}],"wp:attachment":[{"href":"https:\/\/www.factoriadeotrosmundos.com\/index.php\/wp-json\/wp\/v2\/media?parent=63"}],"wp:term":[{"taxonomy":"product_brand","embeddable":true,"href":"https:\/\/www.factoriadeotrosmundos.com\/index.php\/wp-json\/wp\/v2\/product_brand?post=63"},{"taxonomy":"product_cat","embeddable":true,"href":"https:\/\/www.factoriadeotrosmundos.com\/index.php\/wp-json\/wp\/v2\/product_cat?post=63"},{"taxonomy":"product_tag","embeddable":true,"href":"https:\/\/www.factoriadeotrosmundos.com\/index.php\/wp-json\/wp\/v2\/product_tag?post=63"}],"curies":[{"name":"wp","href":"https:\/\/api.w.org\/{rel}","templated":true}]}}