{"id":709,"date":"2021-12-13T22:40:34","date_gmt":"2021-12-13T22:40:34","guid":{"rendered":"https:\/\/www.factoriadeotrosmundos.com\/?post_type=product&#038;p=709"},"modified":"2023-12-09T07:03:32","modified_gmt":"2023-12-09T07:03:32","slug":"initiummagia","status":"publish","type":"product","link":"https:\/\/www.factoriadeotrosmundos.com\/index.php\/product\/initiummagia\/","title":{"rendered":"Initium Magia"},"content":{"rendered":"<p>Si lo quieres DEDICADO por la autora, por favor indica en comentarios el nombre y si hay algo especial que la autora deba saber.<\/p>\n<p>&nbsp;<\/p>\n<div class=\"row\">\n<div class=\"col-sm-12\">\n<div class=\"tabs\">\n<div class=\"tab-content\">\n<div id=\"tab-description\" class=\"entry-content in fade tab-pane active\">\n<div class=\"col-md-9 synopsis\">\n<p><em>T\u00fa eres mago. <\/em><\/p>\n<p><em>Lo s\u00e9 porque puedo intuir la magia que tienes dentro, detr\u00e1s de las costillas. <\/em><\/p>\n<p><em>\u00bfCrees en la magia? <\/em><\/p>\n<p><em>No te quepa duda. La magia existe. <\/em><\/p>\n<p><em>Aunque aquellos que no creen en ella nunca la encontrar\u00e1n. <\/em><\/p>\n<p><em>Los magos aqu\u00ed no vamos con grandes sombreros y t\u00fanicas con estrellas. <\/em><\/p>\n<p><em>Vestimos vaqueros y camiseta, igual que t\u00fa. Porque no se trata de ir llamando la atenci\u00f3n en el mundo no-mago. <\/em><\/p>\n<p><em>Pero cuando te cuente algunos secretos, aprender\u00e1s a identificar a un verdadero mago. <\/em><\/p>\n<p><em>\u00bfY t\u00fa? \u00bfQuieres convertirte en un aprendiz de mago? <\/em><\/p>\n<p><em>Acomp\u00e1\u00f1ame, descubre la magia e imaginaci\u00f3n que llevas dentro y sorprende a tus amigos con tus habilidades. <\/em><\/p>\n<p><em>Que empiece la magia: <\/em><\/p>\n<p><em>\u201c\u00a1Initium magia!\u201d<\/em><\/p>\n<\/div>\n<\/div>\n<\/div>\n<\/div>\n<\/div>\n<\/div>\n<div class=\"row\">\n<div class=\"related products\"><strong>Caracter\u00edsticas:<\/strong><\/div>\n<\/div>\n<p><em>Tapa blanda<\/em><br \/>\n<em>168 p\u00e1ginas<\/em><br \/>\n<em>Edad recomendada 7 a 12 a\u00f1os.<\/em><\/p>\n<p>ISBN\u200f : \u200e <span class=\"sku\">9788491649885<\/span><\/p>\n","protected":false},"excerpt":{"rendered":"<p>Si lo quieres DEDICADO por la autora, por favor indica en comentarios el nombre y si hay algo especial que la autora deba saber.<\/p>\n<p>&nbsp;<\/p>\n<div class=\"row\">\n<div class=\"col-sm-12\">\n<div class=\"tabs\">\n<div class=\"tab-content\">\n<div id=\"tab-description\" class=\"entry-content in fade tab-pane active\">\n<div class=\"col-md-9 synopsis\">\n<p><em>T\u00fa eres mago. <\/em><\/p>\n<p><em>Lo s\u00e9 porque puedo intuir la magia que tienes dentro, detr\u00e1s de las costillas. <\/em><\/p>\n<p><em>\u00bfCrees en la magia? <\/em><\/p>\n<p><em>No te quepa duda. La magia existe. <\/em><\/p>\n<p><em>Aunque aquellos que no creen en ella nunca la encontrar\u00e1n. <\/em><\/p>\n<p><em>Los magos aqu\u00ed no vamos con grandes sombreros y t\u00fanicas con estrellas. <\/em><\/p>\n<p><em>Vestimos vaqueros y camiseta, igual que t\u00fa. Porque no se trata de ir llamando la atenci\u00f3n en el mundo no-mago. <\/em><\/p>\n<p><em>Pero cuando te cuente algunos secretos, aprender\u00e1s a identificar a un verdadero mago. <\/em><\/p>\n<p><em>\u00bfY t\u00fa? \u00bfQuieres convertirte en un aprendiz de mago? <\/em><\/p>\n<p><em>Acomp\u00e1\u00f1ame, descubre la magia e imaginaci\u00f3n que llevas dentro y sorprende a tus amigos con tus habilidades. <\/em><\/p>\n<p><em>Que empiece la magia: <\/em><\/p>\n<p><em>\u201c\u00a1Initium magia!\u201d<\/em><\/p>\n<\/div>\n<\/div>\n<\/div>\n<\/div>\n<\/div>\n<\/div>\n<div class=\"row\">\n<div class=\"related products\"><strong>Caracter\u00edsticas:<\/strong><\/div>\n<\/div>\n<p><em>22,5 x 22,5 cm<\/em><br \/>\n<em>Tapa blanda<\/em><br \/>\n<em>168 p\u00e1ginas<\/em><br \/>\n<em>Edad recomendada 7 a 12 a\u00f1os.<\/em><\/p>\n<p>ISBN\u200f : \u200e <span class=\"sku\">9788491649885<\/span><\/p>\n","protected":false},"featured_media":711,"comment_status":"open","ping_status":"closed","template":"","meta":[],"product_brand":[],"product_cat":[30,18,16],"product_tag":[21,73,36],"class_list":{"0":"post-709","1":"product","2":"type-product","3":"status-publish","4":"has-post-thumbnail","6":"product_cat-educacion","7":"product_cat-fantasia","8":"product_cat-productos","9":"product_tag-fantasia","10":"product_tag-libros","11":"product_tag-magia","12":"product_shipping_class-dulce","14":"first","15":"instock","16":"taxable","17":"shipping-taxable","18":"purchasable","19":"product-type-simple"},"_links":{"self":[{"href":"https:\/\/www.factoriadeotrosmundos.com\/index.php\/wp-json\/wp\/v2\/product\/709","targetHints":{"allow":["GET"]}}],"collection":[{"href":"https:\/\/www.factoriadeotrosmundos.com\/index.php\/wp-json\/wp\/v2\/product"}],"about":[{"href":"https:\/\/www.factoriadeotrosmundos.com\/index.php\/wp-json\/wp\/v2\/types\/product"}],"replies":[{"embeddable":true,"href":"https:\/\/www.factoriadeotrosmundos.com\/index.php\/wp-json\/wp\/v2\/comments?post=709"}],"wp:featuredmedia":[{"embeddable":true,"href":"https:\/\/www.factoriadeotrosmundos.com\/index.php\/wp-json\/wp\/v2\/media\/711"}],"wp:attachment":[{"href":"https:\/\/www.factoriadeotrosmundos.com\/index.php\/wp-json\/wp\/v2\/media?parent=709"}],"wp:term":[{"taxonomy":"product_brand","embeddable":true,"href":"https:\/\/www.factoriadeotrosmundos.com\/index.php\/wp-json\/wp\/v2\/product_brand?post=709"},{"taxonomy":"product_cat","embeddable":true,"href":"https:\/\/www.factoriadeotrosmundos.com\/index.php\/wp-json\/wp\/v2\/product_cat?post=709"},{"taxonomy":"product_tag","embeddable":true,"href":"https:\/\/www.factoriadeotrosmundos.com\/index.php\/wp-json\/wp\/v2\/product_tag?post=709"}],"curies":[{"name":"wp","href":"https:\/\/api.w.org\/{rel}","templated":true}]}}