{"id":746,"date":"2022-04-04T06:55:54","date_gmt":"2022-04-04T06:55:54","guid":{"rendered":"https:\/\/www.factoriadeotrosmundos.com\/?post_type=product&#038;p=746"},"modified":"2025-01-15T23:35:25","modified_gmt":"2025-01-15T23:35:25","slug":"initium-pociones","status":"publish","type":"product","link":"https:\/\/www.factoriadeotrosmundos.com\/index.php\/product\/initium-pociones\/","title":{"rendered":"Initium Pociones"},"content":{"rendered":"<p>Si lo quieres DEDICADO por la autora, por favor indica en comentarios el nombre y si hay algo especial que la autora deba saber.<\/p>\n<p>&nbsp;<\/p>\n<div class=\"row\">\n<div class=\"col-sm-12\">\n<div class=\"tabs\">\n<div class=\"tab-content\">\n<div id=\"tab-description\" class=\"entry-content in fade tab-pane active\">\n<div class=\"col-md-9 synopsis\">\n<p>Mezclar, a\u00f1adir, remover, oler, probar y volver a mezclar. \u00bfHay alg\u00fan placer m\u00e1s grande que el de crear pociones, p\u00f3cimas y brebajes? \u00bfSabes c\u00f3mo hacer bailar a un gusano? \u00bfY desatar una tormenta en un vaso? \u00bfO fabricar tu propio polvo de hadas comestible? \u00a1Todo con ingredientes sencillos!<\/p>\n<p><strong>T\u00da ERES UN GRAN MAGO. \u00bfQUIERES CONVERTIRTE EN UN ESPECIALISTA EN P\u00d3CIMAS?<\/strong><\/p>\n<p>Este divertido libro de la autora de\u00a0<em>\u00a1Initium magia!,<\/em>\u00a0en el que relata muchas historias sobre su familia de magos, te desvelar\u00e1 los secretos de las mezclas, cu\u00e1les son los ingredientes m\u00e1gicos, c\u00f3mo cocinar brebajes y las recetas especiales de los mejores magos.<\/p>\n<p>Descubrir\u00e1s las ventajas de equivocarse, c\u00f3mo vencer miedos, creer en ti y re\u00edrte mucho. Una apasionante aventura, para aprendices de magos.<\/p>\n<p>\u00bfMe acompa\u00f1as? \u00a1Que empiece la magia!<\/p>\n<p><strong>\u00a1INITIUM POCIONES!<\/strong><\/p>\n<\/div>\n<\/div>\n<\/div>\n<\/div>\n<\/div>\n<\/div>\n<div class=\"row\">\n<div class=\"related products\"><strong>Caracter\u00edsticas:<\/strong><\/div>\n<\/div>\n<p><em>Tapa blanda<\/em><br \/>\n<em>200 p\u00e1ginas<\/em><br \/>\n<em>Edad recomendada 7 a 12 a\u00f1os.<\/em><\/p>\n<p>ISBN\u200f : \u200e 9788413842820<\/p>\n","protected":false},"excerpt":{"rendered":"<p>Si lo quieres DEDICADO por la autora, por favor indica en comentarios el nombre y si hay algo especial que la autora deba saber.<\/p>\n<p>&#8212;-<\/p>\n<p>Mezclar, a\u00f1adir, remover, oler, probar y volver a mezclar. \u00bfHay alg\u00fan placer m\u00e1s grande que el de crear pociones, p\u00f3cimas y brebajes? \u00bfSabes c\u00f3mo hacer bailar a un gusano? \u00bfY desatar una tormenta en un vaso? \u00bfO fabricar tu propio polvo de hadas comestible? \u00a1Todo con ingredientes sencillos!<\/p>\n<div class=\"row\">\n<div class=\"col-sm-12\">\n<div class=\"tabs\">\n<div class=\"tab-content\">\n<div id=\"tab-description\" class=\"entry-content in fade tab-pane active\">\n<div class=\"col-md-9 synopsis\">\n<p><strong>T\u00da ERES UN GRAN MAGO. \u00bfQUIERES CONVERTIRTE EN UN ESPECIALISTA EN P\u00d3CIMAS?<\/strong><\/p>\n<p>Este divertido libro de la autora de\u00a0<em>\u00a1Initium magia!,<\/em>\u00a0en el que relata muchas historias sobre su familia de magos, te desvelar\u00e1 los secretos de las mezclas, cu\u00e1les son los ingredientes m\u00e1gicos, c\u00f3mo cocinar brebajes y las recetas especiales de los mejores magos.<\/p>\n<p>Descubrir\u00e1s las ventajas de equivocarse, c\u00f3mo vencer miedos, creer en ti y re\u00edrte mucho. Una apasionante aventura, para aprendices de magos.<\/p>\n<p>\u00bfMe acompa\u00f1as? \u00a1Que empiece la magia!<\/p>\n<p><strong>\u00a1INITIUM POCIONES!<\/strong><\/p>\n<\/div>\n<\/div>\n<\/div>\n<\/div>\n<\/div>\n<\/div>\n<div class=\"row\">\n<div class=\"related products\"><strong>Caracter\u00edsticas:<\/strong><\/div>\n<\/div>\n<p><em>22,5 x 22,5 cm<\/em><br \/>\n<em>Tapa blanda<\/em><br \/>\n<em>200 p\u00e1ginas<\/em><br \/>\n<em>Edad recomendada 7 a 12 a\u00f1os.<\/em><\/p>\n<p>ISBN\u200f : \u200e 9788413842820<\/p>\n","protected":false},"featured_media":747,"comment_status":"open","ping_status":"closed","template":"","meta":[],"product_brand":[],"product_cat":[30,18,16],"product_tag":[21,73,36],"class_list":{"0":"post-746","1":"product","2":"type-product","3":"status-publish","4":"has-post-thumbnail","6":"product_cat-educacion","7":"product_cat-fantasia","8":"product_cat-productos","9":"product_tag-fantasia","10":"product_tag-libros","11":"product_tag-magia","12":"product_shipping_class-dulce","14":"first","15":"instock","16":"taxable","17":"shipping-taxable","18":"purchasable","19":"product-type-simple"},"_links":{"self":[{"href":"https:\/\/www.factoriadeotrosmundos.com\/index.php\/wp-json\/wp\/v2\/product\/746","targetHints":{"allow":["GET"]}}],"collection":[{"href":"https:\/\/www.factoriadeotrosmundos.com\/index.php\/wp-json\/wp\/v2\/product"}],"about":[{"href":"https:\/\/www.factoriadeotrosmundos.com\/index.php\/wp-json\/wp\/v2\/types\/product"}],"replies":[{"embeddable":true,"href":"https:\/\/www.factoriadeotrosmundos.com\/index.php\/wp-json\/wp\/v2\/comments?post=746"}],"wp:featuredmedia":[{"embeddable":true,"href":"https:\/\/www.factoriadeotrosmundos.com\/index.php\/wp-json\/wp\/v2\/media\/747"}],"wp:attachment":[{"href":"https:\/\/www.factoriadeotrosmundos.com\/index.php\/wp-json\/wp\/v2\/media?parent=746"}],"wp:term":[{"taxonomy":"product_brand","embeddable":true,"href":"https:\/\/www.factoriadeotrosmundos.com\/index.php\/wp-json\/wp\/v2\/product_brand?post=746"},{"taxonomy":"product_cat","embeddable":true,"href":"https:\/\/www.factoriadeotrosmundos.com\/index.php\/wp-json\/wp\/v2\/product_cat?post=746"},{"taxonomy":"product_tag","embeddable":true,"href":"https:\/\/www.factoriadeotrosmundos.com\/index.php\/wp-json\/wp\/v2\/product_tag?post=746"}],"curies":[{"name":"wp","href":"https:\/\/api.w.org\/{rel}","templated":true}]}}