{"id":806,"date":"2022-09-28T19:00:58","date_gmt":"2022-09-28T19:00:58","guid":{"rendered":"https:\/\/www.factoriadeotrosmundos.com\/?post_type=product&#038;p=806"},"modified":"2022-11-23T07:19:53","modified_gmt":"2022-11-23T07:19:53","slug":"collar-corona-ravenclaw","status":"publish","type":"product","link":"https:\/\/www.factoriadeotrosmundos.com\/index.php\/product\/collar-corona-ravenclaw\/","title":{"rendered":"Collar Corona Ravenclaw"},"content":{"rendered":"<p>Esta\u00a0r\u00e9plica collar de la Diadema de Rowena Ravenclaw est\u00e1 inspirada en la diadema de las pel\u00edculas de Harry Potter.<\/p>\n<p>La\u00a0diadema de Ravenclaw\u00a0es uno de los\u00a0horrocruxes\u00a0en los que\u00a0Lord Voldemort\u00a0fragment\u00f3 su alma, y que\u00a0Harry Potter\u00a0tuvo que destruir para poder derrotar al malvado brujo.<\/p>\n<p>Cualquier Ravenclaw querr\u00e1 tener una para lucir en los d\u00edas especiales\u00a0 y m\u00e1gicos.\u2728<\/p>\n<div id=\"malwarebytes-root\"><\/div>\n","protected":false},"excerpt":{"rendered":"<p>Esta\u00a0r\u00e9plica collar de la Diadema de Rowena Ravenclaw est\u00e1 inspirada en la diadema de las pel\u00edculas de Harry Potter.<\/p>\n<p>La\u00a0diadema de Ravenclaw\u00a0es uno de los\u00a0horrocruxes\u00a0en los que\u00a0Lord Voldemort\u00a0fragment\u00f3 su alma, y que\u00a0Harry Potter\u00a0tuvo que destruir para poder derrotar al malvado brujo.<\/p>\n<p>Cualquier Ravenclaw querr\u00e1 tener una para lucir en los d\u00edas especiales\u00a0 y m\u00e1gicos.\u2728<\/p>\n","protected":false},"featured_media":805,"comment_status":"open","ping_status":"closed","template":"","meta":[],"product_brand":[],"product_cat":[18,27,16],"product_tag":[21,86,85],"class_list":{"0":"post-806","1":"product","2":"type-product","3":"status-publish","4":"has-post-thumbnail","6":"product_cat-fantasia","7":"product_cat-fantasia-2","8":"product_cat-productos","9":"product_tag-fantasia","10":"product_tag-historia-interminable","11":"product_tag-neverending-story","13":"first","14":"instock","15":"taxable","16":"shipping-taxable","17":"purchasable","18":"product-type-simple"},"_links":{"self":[{"href":"https:\/\/www.factoriadeotrosmundos.com\/index.php\/wp-json\/wp\/v2\/product\/806","targetHints":{"allow":["GET"]}}],"collection":[{"href":"https:\/\/www.factoriadeotrosmundos.com\/index.php\/wp-json\/wp\/v2\/product"}],"about":[{"href":"https:\/\/www.factoriadeotrosmundos.com\/index.php\/wp-json\/wp\/v2\/types\/product"}],"replies":[{"embeddable":true,"href":"https:\/\/www.factoriadeotrosmundos.com\/index.php\/wp-json\/wp\/v2\/comments?post=806"}],"wp:featuredmedia":[{"embeddable":true,"href":"https:\/\/www.factoriadeotrosmundos.com\/index.php\/wp-json\/wp\/v2\/media\/805"}],"wp:attachment":[{"href":"https:\/\/www.factoriadeotrosmundos.com\/index.php\/wp-json\/wp\/v2\/media?parent=806"}],"wp:term":[{"taxonomy":"product_brand","embeddable":true,"href":"https:\/\/www.factoriadeotrosmundos.com\/index.php\/wp-json\/wp\/v2\/product_brand?post=806"},{"taxonomy":"product_cat","embeddable":true,"href":"https:\/\/www.factoriadeotrosmundos.com\/index.php\/wp-json\/wp\/v2\/product_cat?post=806"},{"taxonomy":"product_tag","embeddable":true,"href":"https:\/\/www.factoriadeotrosmundos.com\/index.php\/wp-json\/wp\/v2\/product_tag?post=806"}],"curies":[{"name":"wp","href":"https:\/\/api.w.org\/{rel}","templated":true}]}}