{"id":899,"date":"2023-12-06T11:38:03","date_gmt":"2023-12-06T11:38:03","guid":{"rendered":"https:\/\/www.factoriadeotrosmundos.com\/?post_type=product&#038;p=899"},"modified":"2023-12-19T16:48:32","modified_gmt":"2023-12-19T16:48:32","slug":"pendientesblancanieves","status":"publish","type":"product","link":"https:\/\/www.factoriadeotrosmundos.com\/index.php\/product\/pendientesblancanieves\/","title":{"rendered":"Pendientes Blancanieves"},"content":{"rendered":"<p>Pendientes Blancanieves<\/p>\n<p>Lleva a tu princesa preferida siempre que quieras. <b>\u2728<\/b><\/p>\n<p>Estos pendientes no solo dar\u00e1n un toque divertido a tu estilo, sino que ser\u00e1n tambi\u00e9n una manera encantadora de expresar tu conexi\u00f3n con la historia y la magia de Blancanieves. \u00a1Deja que la gracia y la dulzura de esta princesa cl\u00e1sica resplandezcan en tus accesorios! ???\u2728<\/p>\n<p>&nbsp;<\/p>\n","protected":false},"excerpt":{"rendered":"<p>Pendientes Blancanieves<\/p>\n<p>Lleva a tu princesa preferida siempre que quieras. <b>\u2728<\/b><\/p>\n","protected":false},"featured_media":900,"comment_status":"open","ping_status":"closed","template":"","meta":[],"product_brand":[],"product_cat":[18,27,16],"product_tag":[91,21,78,92],"class_list":{"0":"post-899","1":"product","2":"type-product","3":"status-publish","4":"has-post-thumbnail","6":"product_cat-fantasia","7":"product_cat-fantasia-2","8":"product_cat-productos","9":"product_tag-blancanieves","10":"product_tag-fantasia","11":"product_tag-pendientes","12":"product_tag-princesas","14":"first","15":"instock","16":"taxable","17":"shipping-taxable","18":"purchasable","19":"product-type-simple"},"_links":{"self":[{"href":"https:\/\/www.factoriadeotrosmundos.com\/index.php\/wp-json\/wp\/v2\/product\/899","targetHints":{"allow":["GET"]}}],"collection":[{"href":"https:\/\/www.factoriadeotrosmundos.com\/index.php\/wp-json\/wp\/v2\/product"}],"about":[{"href":"https:\/\/www.factoriadeotrosmundos.com\/index.php\/wp-json\/wp\/v2\/types\/product"}],"replies":[{"embeddable":true,"href":"https:\/\/www.factoriadeotrosmundos.com\/index.php\/wp-json\/wp\/v2\/comments?post=899"}],"wp:featuredmedia":[{"embeddable":true,"href":"https:\/\/www.factoriadeotrosmundos.com\/index.php\/wp-json\/wp\/v2\/media\/900"}],"wp:attachment":[{"href":"https:\/\/www.factoriadeotrosmundos.com\/index.php\/wp-json\/wp\/v2\/media?parent=899"}],"wp:term":[{"taxonomy":"product_brand","embeddable":true,"href":"https:\/\/www.factoriadeotrosmundos.com\/index.php\/wp-json\/wp\/v2\/product_brand?post=899"},{"taxonomy":"product_cat","embeddable":true,"href":"https:\/\/www.factoriadeotrosmundos.com\/index.php\/wp-json\/wp\/v2\/product_cat?post=899"},{"taxonomy":"product_tag","embeddable":true,"href":"https:\/\/www.factoriadeotrosmundos.com\/index.php\/wp-json\/wp\/v2\/product_tag?post=899"}],"curies":[{"name":"wp","href":"https:\/\/api.w.org\/{rel}","templated":true}]}}