{"id":903,"date":"2023-12-06T11:55:31","date_gmt":"2023-12-06T11:55:31","guid":{"rendered":"https:\/\/www.factoriadeotrosmundos.com\/?post_type=product&#038;p=903"},"modified":"2024-01-04T12:41:36","modified_gmt":"2024-01-04T12:41:36","slug":"pendientes-elsa","status":"publish","type":"product","link":"https:\/\/www.factoriadeotrosmundos.com\/index.php\/product\/pendientes-elsa\/","title":{"rendered":"Pendientes Elsa de Arendel"},"content":{"rendered":"<p>Pendientes Elsa de Arendel<\/p>\n<p>Pendientes que te dejaran helada. <b>\u2728<\/b><\/p>\n<p>Estos pendientes no solo a\u00f1adir\u00e1n un toque m\u00e1gico a tu estilo, sino que tambi\u00e9n te recordar\u00e1n la fuerza y la elegancia de Elsa de Arendel. \u00a1Deja que la magia del hielo y la nieve brille en tu look! \u2744\ufe0f??\u2728<\/p>\n<p>&nbsp;<\/p>\n","protected":false},"excerpt":{"rendered":"<p>Pendientes Elsa de Arendel<\/p>\n<p>Pendientes que te dejaran helada. <b>\u2728<\/b><\/p>\n","protected":false},"featured_media":904,"comment_status":"open","ping_status":"closed","template":"","meta":[],"product_brand":[],"product_cat":[18,27,16],"product_tag":[94,95,21,96,78,92],"class_list":{"0":"post-903","1":"product","2":"type-product","3":"status-publish","4":"has-post-thumbnail","6":"product_cat-fantasia","7":"product_cat-fantasia-2","8":"product_cat-productos","9":"product_tag-cuentos","10":"product_tag-elsa","11":"product_tag-fantasia","12":"product_tag-frozen","13":"product_tag-pendientes","14":"product_tag-princesas","16":"first","17":"instock","18":"taxable","19":"shipping-taxable","20":"purchasable","21":"product-type-simple"},"_links":{"self":[{"href":"https:\/\/www.factoriadeotrosmundos.com\/index.php\/wp-json\/wp\/v2\/product\/903","targetHints":{"allow":["GET"]}}],"collection":[{"href":"https:\/\/www.factoriadeotrosmundos.com\/index.php\/wp-json\/wp\/v2\/product"}],"about":[{"href":"https:\/\/www.factoriadeotrosmundos.com\/index.php\/wp-json\/wp\/v2\/types\/product"}],"replies":[{"embeddable":true,"href":"https:\/\/www.factoriadeotrosmundos.com\/index.php\/wp-json\/wp\/v2\/comments?post=903"}],"wp:featuredmedia":[{"embeddable":true,"href":"https:\/\/www.factoriadeotrosmundos.com\/index.php\/wp-json\/wp\/v2\/media\/904"}],"wp:attachment":[{"href":"https:\/\/www.factoriadeotrosmundos.com\/index.php\/wp-json\/wp\/v2\/media?parent=903"}],"wp:term":[{"taxonomy":"product_brand","embeddable":true,"href":"https:\/\/www.factoriadeotrosmundos.com\/index.php\/wp-json\/wp\/v2\/product_brand?post=903"},{"taxonomy":"product_cat","embeddable":true,"href":"https:\/\/www.factoriadeotrosmundos.com\/index.php\/wp-json\/wp\/v2\/product_cat?post=903"},{"taxonomy":"product_tag","embeddable":true,"href":"https:\/\/www.factoriadeotrosmundos.com\/index.php\/wp-json\/wp\/v2\/product_tag?post=903"}],"curies":[{"name":"wp","href":"https:\/\/api.w.org\/{rel}","templated":true}]}}