{"id":952,"date":"2023-12-06T16:56:06","date_gmt":"2023-12-06T16:56:06","guid":{"rendered":"https:\/\/www.factoriadeotrosmundos.com\/?post_type=product&#038;p=952"},"modified":"2023-12-08T12:35:01","modified_gmt":"2023-12-08T12:35:01","slug":"colgantecoladesirena","status":"publish","type":"product","link":"https:\/\/www.factoriadeotrosmundos.com\/index.php\/product\/colgantecoladesirena\/","title":{"rendered":"Colgante Cola de Sirena"},"content":{"rendered":"<p>Colgante Cola de Sirena<\/p>\n<p>Collar de cola de sirena irisado.<\/p>\n<p>\u00a1A\u00f1ade un toque de encanto marino a tu estilo con nuestro colgante de cola de sirena y sum\u00e9rgete en la magia del oc\u00e9ano! ?\u200d\u2640\ufe0f??\u2728<\/p>\n","protected":false},"excerpt":{"rendered":"<p>Colgante Cola de Sirena<\/p>\n<p>Collar de cola de sirena irisado.<\/p>\n","protected":false},"featured_media":953,"comment_status":"open","ping_status":"closed","template":"","meta":[],"product_brand":[],"product_cat":[18,27,16],"product_tag":[124,125,21,126,39],"class_list":{"0":"post-952","1":"product","2":"type-product","3":"status-publish","4":"has-post-thumbnail","6":"product_cat-fantasia","7":"product_cat-fantasia-2","8":"product_cat-productos","9":"product_tag-colgante","10":"product_tag-collar","11":"product_tag-fantasia","12":"product_tag-irisado","13":"product_tag-sirena","15":"first","16":"instock","17":"taxable","18":"shipping-taxable","19":"purchasable","20":"product-type-simple"},"_links":{"self":[{"href":"https:\/\/www.factoriadeotrosmundos.com\/index.php\/wp-json\/wp\/v2\/product\/952","targetHints":{"allow":["GET"]}}],"collection":[{"href":"https:\/\/www.factoriadeotrosmundos.com\/index.php\/wp-json\/wp\/v2\/product"}],"about":[{"href":"https:\/\/www.factoriadeotrosmundos.com\/index.php\/wp-json\/wp\/v2\/types\/product"}],"replies":[{"embeddable":true,"href":"https:\/\/www.factoriadeotrosmundos.com\/index.php\/wp-json\/wp\/v2\/comments?post=952"}],"wp:featuredmedia":[{"embeddable":true,"href":"https:\/\/www.factoriadeotrosmundos.com\/index.php\/wp-json\/wp\/v2\/media\/953"}],"wp:attachment":[{"href":"https:\/\/www.factoriadeotrosmundos.com\/index.php\/wp-json\/wp\/v2\/media?parent=952"}],"wp:term":[{"taxonomy":"product_brand","embeddable":true,"href":"https:\/\/www.factoriadeotrosmundos.com\/index.php\/wp-json\/wp\/v2\/product_brand?post=952"},{"taxonomy":"product_cat","embeddable":true,"href":"https:\/\/www.factoriadeotrosmundos.com\/index.php\/wp-json\/wp\/v2\/product_cat?post=952"},{"taxonomy":"product_tag","embeddable":true,"href":"https:\/\/www.factoriadeotrosmundos.com\/index.php\/wp-json\/wp\/v2\/product_tag?post=952"}],"curies":[{"name":"wp","href":"https:\/\/api.w.org\/{rel}","templated":true}]}}