{"id":973,"date":"2023-12-07T19:01:24","date_gmt":"2023-12-07T19:01:24","guid":{"rendered":"https:\/\/www.factoriadeotrosmundos.com\/?post_type=product&#038;p=973"},"modified":"2024-10-30T09:05:22","modified_gmt":"2024-10-30T09:05:22","slug":"pack-peluche-conejo-y-libro-nariz-naricita","status":"publish","type":"product","link":"https:\/\/www.factoriadeotrosmundos.com\/index.php\/product\/pack-peluche-conejo-y-libro-nariz-naricita\/","title":{"rendered":"Pack Peluche Conejo y libro Nariz Naricita"},"content":{"rendered":"<p>Pack para bebes con <strong>conejo de peluche<\/strong> y el libro Nariz naricita.<\/p>\n<p>Incluye un peluche de conejo, suave al tacto, de color blanco y el libro Nariz naricita de la editorial <strong>Combel<\/strong>, escrito por Mar Benegas e ilustrado por Cecilia Moreno, de la colecci\u00f3n La cereza.<\/p>\n<p><strong>La cereza<\/strong> es una colecci\u00f3n para ni\u00f1os de 0 a 5 a\u00f1os que combina m\u00fasica, lectura e ilustraciones. Con una tem\u00e1tica sencilla y un lenguaje directo, estos libritos para cantar logran estimular la interacci\u00f3n, el desarrollo ling\u00fc\u00edstico, el ritmo y la musicalidad de los m\u00e1s peque\u00f1os. El agradable y pegadizo acompa\u00f1amiento musical que incluye cada t\u00edtulo, permite interiorizar y disfrutar m\u00e1s de la lectura.<\/p>\n<p>ISBN: <strong>978-84-9101-101-9<\/strong><\/p>\n<p>&nbsp;<\/p>\n<p>&nbsp;<\/p>\n<p>&nbsp;<\/p>\n","protected":false},"excerpt":{"rendered":"<p>Pack para bebes con <strong>conejo de peluche<\/strong> y el libro Nariz naricita.<\/p>\n<p>Incluye un peluche de conejo, suave al tacto, de color blanco y el libro Nariz naricita de la editorial <strong>Combel<\/strong>, escrito por Mar Benegas e ilustrado por Cecilia Moreno, de la colecci\u00f3n La cereza.<\/p>\n<p><strong>La cereza<\/strong> es una colecci\u00f3n para ni\u00f1os de 0 a 5 a\u00f1os que combina m\u00fasica, lectura e ilustraciones. Con una tem\u00e1tica sencilla y un lenguaje directo, estos libritos para cantar logran estimular la interacci\u00f3n, el desarrollo ling\u00fc\u00edstico, el ritmo y la musicalidad de los m\u00e1s peque\u00f1os. El agradable y pegadizo acompa\u00f1amiento musical que incluye cada t\u00edtulo, permite interiorizar y disfrutar m\u00e1s de la lectura.<\/p>\n<p>ISBN: <strong>978-84-9101-101-9<\/strong><\/p>\n<p>&nbsp;<\/p>\n","protected":false},"featured_media":974,"comment_status":"open","ping_status":"closed","template":"","meta":[],"product_brand":[],"product_cat":[135,30,136,16],"product_tag":[139,137,73,140,138],"class_list":{"0":"post-973","1":"product","2":"type-product","3":"status-publish","4":"has-post-thumbnail","6":"product_cat-de-0-a-3-anos","7":"product_cat-educacion","8":"product_cat-peluches","9":"product_cat-productos","10":"product_tag-conejo","11":"product_tag-de-0-a-3-anos-2","12":"product_tag-libros","13":"product_tag-libros-con-canciones","14":"product_tag-peluche","15":"product_shipping_class-dulce","17":"first","18":"instock","19":"sale","20":"taxable","21":"shipping-taxable","22":"purchasable","23":"product-type-simple"},"_links":{"self":[{"href":"https:\/\/www.factoriadeotrosmundos.com\/index.php\/wp-json\/wp\/v2\/product\/973","targetHints":{"allow":["GET"]}}],"collection":[{"href":"https:\/\/www.factoriadeotrosmundos.com\/index.php\/wp-json\/wp\/v2\/product"}],"about":[{"href":"https:\/\/www.factoriadeotrosmundos.com\/index.php\/wp-json\/wp\/v2\/types\/product"}],"replies":[{"embeddable":true,"href":"https:\/\/www.factoriadeotrosmundos.com\/index.php\/wp-json\/wp\/v2\/comments?post=973"}],"wp:featuredmedia":[{"embeddable":true,"href":"https:\/\/www.factoriadeotrosmundos.com\/index.php\/wp-json\/wp\/v2\/media\/974"}],"wp:attachment":[{"href":"https:\/\/www.factoriadeotrosmundos.com\/index.php\/wp-json\/wp\/v2\/media?parent=973"}],"wp:term":[{"taxonomy":"product_brand","embeddable":true,"href":"https:\/\/www.factoriadeotrosmundos.com\/index.php\/wp-json\/wp\/v2\/product_brand?post=973"},{"taxonomy":"product_cat","embeddable":true,"href":"https:\/\/www.factoriadeotrosmundos.com\/index.php\/wp-json\/wp\/v2\/product_cat?post=973"},{"taxonomy":"product_tag","embeddable":true,"href":"https:\/\/www.factoriadeotrosmundos.com\/index.php\/wp-json\/wp\/v2\/product_tag?post=973"}],"curies":[{"name":"wp","href":"https:\/\/api.w.org\/{rel}","templated":true}]}}