{"id":990,"date":"2023-12-08T10:38:31","date_gmt":"2023-12-08T10:38:31","guid":{"rendered":"https:\/\/www.factoriadeotrosmundos.com\/?post_type=product&#038;p=990"},"modified":"2024-12-23T18:18:52","modified_gmt":"2024-12-23T18:18:52","slug":"pack-historia-interminable","status":"publish","type":"product","link":"https:\/\/www.factoriadeotrosmundos.com\/index.php\/product\/pack-historia-interminable\/","title":{"rendered":"Pack Historia Interminable"},"content":{"rendered":"<p>Libro La Historia Interminable , libreta de p\u00e1ginas blancas con Auryn en la portada y colgante Auryn. <b>\u2728<\/b><\/p>\n<p>Pack para fans de la novela de Michael Ende, autor de, entre otros, Momo y La Historia Interminable.<\/p>\n<p>Ayuda a Bastian y a Atreyu a salvar el mundo de Fantas\u00eda, inventa nuevos nombres y an\u00f3talos en tu libreta o simplemente lleva tu colgante como si fueses en una misi\u00f3n encomendada por la Emperatriz Infantil.<\/p>\n<p>Todo ello en una fant\u00e1stica caja de madera<\/p>\n","protected":false},"excerpt":{"rendered":"<p>Libro La Historia Interminable , libreta de p\u00e1ginas blancas con Auryn en la portada y colgante Auryn. <b>\u2728<\/b><\/p>\n<p>Pack para fans de la novela de Michael Ende, autor de, entre otros, Momo y La Historia Interminable.<\/p>\n<p>Ayuda a Bastian y a Atreyu a salvar el mundo de Fantas\u00eda, inventa nuevos nombres y an\u00f3talos en tu libreta o simplemente lleva tu colgante como si fueses en una misi\u00f3n encomendada por la Emperatriz Infantil.<\/p>\n","protected":false},"featured_media":1028,"comment_status":"open","ping_status":"closed","template":"","meta":[],"product_brand":[],"product_cat":[18,153,27,16],"product_tag":[155,21,86,157,154,156,85],"class_list":{"0":"post-990","1":"product","2":"type-product","3":"status-publish","4":"has-post-thumbnail","6":"product_cat-fantasia","7":"product_cat-libro","8":"product_cat-fantasia-2","9":"product_cat-productos","10":"product_tag-auryn","11":"product_tag-fantasia","12":"product_tag-historia-interminable","13":"product_tag-libreta","14":"product_tag-libro","15":"product_tag-michael-ende","16":"product_tag-neverending-story","18":"first","19":"instock","20":"sale","21":"taxable","22":"shipping-taxable","23":"purchasable","24":"product-type-simple"},"_links":{"self":[{"href":"https:\/\/www.factoriadeotrosmundos.com\/index.php\/wp-json\/wp\/v2\/product\/990","targetHints":{"allow":["GET"]}}],"collection":[{"href":"https:\/\/www.factoriadeotrosmundos.com\/index.php\/wp-json\/wp\/v2\/product"}],"about":[{"href":"https:\/\/www.factoriadeotrosmundos.com\/index.php\/wp-json\/wp\/v2\/types\/product"}],"replies":[{"embeddable":true,"href":"https:\/\/www.factoriadeotrosmundos.com\/index.php\/wp-json\/wp\/v2\/comments?post=990"}],"wp:featuredmedia":[{"embeddable":true,"href":"https:\/\/www.factoriadeotrosmundos.com\/index.php\/wp-json\/wp\/v2\/media\/1028"}],"wp:attachment":[{"href":"https:\/\/www.factoriadeotrosmundos.com\/index.php\/wp-json\/wp\/v2\/media?parent=990"}],"wp:term":[{"taxonomy":"product_brand","embeddable":true,"href":"https:\/\/www.factoriadeotrosmundos.com\/index.php\/wp-json\/wp\/v2\/product_brand?post=990"},{"taxonomy":"product_cat","embeddable":true,"href":"https:\/\/www.factoriadeotrosmundos.com\/index.php\/wp-json\/wp\/v2\/product_cat?post=990"},{"taxonomy":"product_tag","embeddable":true,"href":"https:\/\/www.factoriadeotrosmundos.com\/index.php\/wp-json\/wp\/v2\/product_tag?post=990"}],"curies":[{"name":"wp","href":"https:\/\/api.w.org\/{rel}","templated":true}]}}