{"id":996,"date":"2023-12-08T11:28:12","date_gmt":"2023-12-08T11:28:12","guid":{"rendered":"https:\/\/www.factoriadeotrosmundos.com\/?post_type=product&#038;p=996"},"modified":"2024-01-04T09:25:59","modified_gmt":"2024-01-04T09:25:59","slug":"pack-donde-vivo-yo-peluche-cebra","status":"publish","type":"product","link":"https:\/\/www.factoriadeotrosmundos.com\/index.php\/product\/pack-donde-vivo-yo-peluche-cebra\/","title":{"rendered":"Pack Donde vivo yo y peluche sonajero cebra"},"content":{"rendered":"<p><strong>Pack para bebes con el libro \u00bfD\u00f3nde vivo yo? y un peluche sonajero de Cebra<\/strong><\/p>\n<p>Incluye el cuento \u00bfD\u00f3nde vivo yo?, de la editorial <strong>Jaguar<\/strong>, y una simp\u00e1tica cebra con calcetines rayados, suave y con sonajero.<\/p>\n<p><strong>\u00bfD\u00f3nde vivo yo?\u00a0<\/strong><\/p>\n<p>\u00abPara que los m\u00e1s peques aprendan d\u00f3nde viven algunos animales\u00bb<\/p>\n<p>El ping\u00fcino, la osa, la cebra, el camello, la ara\u00f1a\u2026 cada uno tiene su lugar.<\/p>\n<p>Un libro para descubrir el h\u00e1bitat de estos simp\u00e1ticos personajes,<br \/>\nal ritmo de rimas musicales y coloridas ilustraciones.<\/p>\n<p>La escritora Margarita de Mazo y la ilustradora Cecilia Moreno son las autoras<br \/>\nde esta exitosa colecci\u00f3n\u00a0que incluye otros t\u00edtulos como\u00a0<em>Los planetas<\/em>,<br \/>\n<em>Papa dice<\/em>,\u00a0<em>\u00bfQui\u00e9n tiene qu\u00e9?<\/em>\u00a0y\u00a0<em>Dinosaurios del 1 al 10<\/em>.<\/p>\n<p>La <strong>cebra<\/strong> pertenece a la colecci\u00f3n Les Toupitis de <strong>Moulin<\/strong> <strong>Roty<\/strong>. Con manchas, lunares, rayas o cuadros, los Toupitis son una alegre banda de animales con divertidos grafismos, dise\u00f1ados para ni\u00f1os de 18 meses a 4 a\u00f1os.<\/p>\n<p>ISBN: <strong>978-84-18277-75-7<\/strong><\/p>\n","protected":false},"excerpt":{"rendered":"<p><strong>Pack para bebes con el libro \u00bfD\u00f3nde vivo yo? y un peluche sonajero de Cebra<\/strong><\/p>\n<p>Incluye el cuento \u00bfD\u00f3nde vivo yo?, de la editorial <strong>Jaguar<\/strong>, y una simp\u00e1tica cebra con calcetines rayados, suave y con sonajero.<\/p>\n","protected":false},"featured_media":997,"comment_status":"open","ping_status":"closed","template":"","meta":[],"product_brand":[],"product_cat":[135,30,153,141,136,16],"product_tag":[163,162,94,137,73,159,138,158],"class_list":{"0":"post-996","1":"product","2":"type-product","3":"status-publish","4":"has-post-thumbnail","6":"product_cat-de-0-a-3-anos","7":"product_cat-educacion","8":"product_cat-libro","9":"product_cat-libros","10":"product_cat-peluches","11":"product_cat-productos","12":"product_tag-animales","13":"product_tag-cebra","14":"product_tag-cuentos","15":"product_tag-de-0-a-3-anos-2","16":"product_tag-libros","17":"product_tag-moulin-roty","18":"product_tag-peluche","19":"product_tag-sonajero","20":"product_shipping_class-dulce","22":"first","23":"instock","24":"sale","25":"taxable","26":"shipping-taxable","27":"purchasable","28":"product-type-simple"},"_links":{"self":[{"href":"https:\/\/www.factoriadeotrosmundos.com\/index.php\/wp-json\/wp\/v2\/product\/996","targetHints":{"allow":["GET"]}}],"collection":[{"href":"https:\/\/www.factoriadeotrosmundos.com\/index.php\/wp-json\/wp\/v2\/product"}],"about":[{"href":"https:\/\/www.factoriadeotrosmundos.com\/index.php\/wp-json\/wp\/v2\/types\/product"}],"replies":[{"embeddable":true,"href":"https:\/\/www.factoriadeotrosmundos.com\/index.php\/wp-json\/wp\/v2\/comments?post=996"}],"wp:featuredmedia":[{"embeddable":true,"href":"https:\/\/www.factoriadeotrosmundos.com\/index.php\/wp-json\/wp\/v2\/media\/997"}],"wp:attachment":[{"href":"https:\/\/www.factoriadeotrosmundos.com\/index.php\/wp-json\/wp\/v2\/media?parent=996"}],"wp:term":[{"taxonomy":"product_brand","embeddable":true,"href":"https:\/\/www.factoriadeotrosmundos.com\/index.php\/wp-json\/wp\/v2\/product_brand?post=996"},{"taxonomy":"product_cat","embeddable":true,"href":"https:\/\/www.factoriadeotrosmundos.com\/index.php\/wp-json\/wp\/v2\/product_cat?post=996"},{"taxonomy":"product_tag","embeddable":true,"href":"https:\/\/www.factoriadeotrosmundos.com\/index.php\/wp-json\/wp\/v2\/product_tag?post=996"}],"curies":[{"name":"wp","href":"https:\/\/api.w.org\/{rel}","templated":true}]}}